{"id":2337,"date":"2018-01-24T08:24:22","date_gmt":"2018-01-24T07:24:22","guid":{"rendered":"https:\/\/www.standardsandmore.com\/vitajte-v-sam-standards-and-more\/"},"modified":"2018-01-24T08:24:22","modified_gmt":"2018-01-24T07:24:22","slug":"vitajte-v-sam-standards-and-more","status":"publish","type":"page","link":"https:\/\/www.standardsandmore.com\/sk\/","title":{"rendered":"Vitajte v SAM &#8211;<br>Standards and More\u2026"},"content":{"rendered":"<p><strong>V\u00e1\u0161 partner pre technick\u00e9 a vedeck\u00e9 inform\u00e1cie.<\/strong><\/p>\n<p>Poskytujeme poradenstvo univerzit\u00e1m a vysok\u00fdm \u0161kol\u00e1m, v\u00fdskumn\u00fdm \u00fastavom a spolo\u010dnostiam v oblasti obstar\u00e1vania a poskytovania inform\u00e1ci\u00ed o technick\u00fdch publik\u00e1ci\u00e1ch a norm\u00e1ch. Podporujeme v\u00e1s pri spr\u00e1ve noriem a patentov\u00fdch re\u0161er\u0161iach a v na\u0161om digit\u00e1lnom portf\u00f3liu n\u00e1jdete vedeck\u00e9 \u010dasopisy a konferen\u010dn\u00fa dokument\u00e1ciu, elektronick\u00e9 knihy a kurzy elektronick\u00e9ho vzdel\u00e1vania. Na\u0161imi partnermi s\u00fa popredn\u00e9 technick\u00e9 zdru\u017eenia a vydavatelia.<\/p>\n<p>V neposlednom rade: SAM je odhodlan\u00fd. Podporujeme humanit\u00e1rne organiz\u00e1cie a soci\u00e1lne projekty. Lok\u00e1lne a glob\u00e1lne. Pravidelne podporujeme organiz\u00e1ciu \u00c4rzte ohne Grenzen e.V. (Lek\u00e1ri bez hran\u00edc). Medzi \u010fal\u0161ie projekty, ktor\u00e9 sme podporili, patria kick it international e.V., detsk\u00fd hospic v Mn\u00edchove, dobrovo\u013en\u00edcka agent\u00fara Tatendrang a mnoh\u00e9 \u010fal\u0161ie.<\/p>\n","protected":false},"excerpt":{"rendered":"<p>V\u00e1\u0161 partner pre technick\u00e9 a vedeck\u00e9 inform\u00e1cie. Poskytujeme poradenstvo univerzit\u00e1m a vysok\u00fdm \u0161kol\u00e1m, v\u00fdskumn\u00fdm \u00fastavom a spolo\u010dnostiam v oblasti obstar\u00e1vania a poskytovania inform\u00e1ci\u00ed o technick\u00fdch publik\u00e1ci\u00e1ch a norm\u00e1ch. Podporujeme v\u00e1s pri spr\u00e1ve noriem a patentov\u00fdch re\u0161er\u0161iach a v na\u0161om digit\u00e1lnom portf\u00f3liu n\u00e1jdete vedeck\u00e9 \u010dasopisy a konferen\u010dn\u00fa dokument\u00e1ciu, elektronick\u00e9 knihy a kurzy elektronick\u00e9ho vzdel\u00e1vania. Na\u0161imi partnermi [&hellip;]<\/p>\n","protected":false},"author":1,"featured_media":0,"parent":0,"menu_order":0,"comment_status":"closed","ping_status":"closed","template":"page-clean.php","meta":{"_acf_changed":false,"footnotes":""},"class_list":["post-2337","page","type-page","status-publish","hentry"],"acf":[],"_links":{"self":[{"href":"https:\/\/www.standardsandmore.com\/sk\/wp-json\/wp\/v2\/pages\/2337","targetHints":{"allow":["GET"]}}],"collection":[{"href":"https:\/\/www.standardsandmore.com\/sk\/wp-json\/wp\/v2\/pages"}],"about":[{"href":"https:\/\/www.standardsandmore.com\/sk\/wp-json\/wp\/v2\/types\/page"}],"author":[{"embeddable":true,"href":"https:\/\/www.standardsandmore.com\/sk\/wp-json\/wp\/v2\/users\/1"}],"replies":[{"embeddable":true,"href":"https:\/\/www.standardsandmore.com\/sk\/wp-json\/wp\/v2\/comments?post=2337"}],"version-history":[{"count":0,"href":"https:\/\/www.standardsandmore.com\/sk\/wp-json\/wp\/v2\/pages\/2337\/revisions"}],"wp:attachment":[{"href":"https:\/\/www.standardsandmore.com\/sk\/wp-json\/wp\/v2\/media?parent=2337"}],"curies":[{"name":"wp","href":"https:\/\/api.w.org\/{rel}","templated":true}]}}