{"id":2334,"date":"2018-01-24T08:24:22","date_gmt":"2018-01-24T07:24:22","guid":{"rendered":"https:\/\/www.standardsandmore.com\/witamy-w-sam-standardy-i-wiecej\/"},"modified":"2023-01-27T14:01:19","modified_gmt":"2023-01-27T13:01:19","slug":"witamy-w-sam-standardy-i-wiecej","status":"publish","type":"page","link":"https:\/\/www.standardsandmore.com\/pl\/","title":{"rendered":"Witamy w SAM &#8211;<br>Standards and More&#8230;"},"content":{"rendered":"<p><strong>Tw\u00f3j partner w zakresie informacji technicznych i naukowych.<\/strong><\/p>\n<p>Doradzamy uniwersytetom i szko\u0142om wy\u017cszym, instytutom badawczym i firmom w zakresie pozyskiwania i dostarczania informacji o publikacjach technicznych i normach. Wspieramy Ci\u0119 w zarz\u0105dzaniu normami i wyszukiwaniu patent\u00f3w, a w naszym cyfrowym portfolio posiadamy czasopisma naukowe i dokumentacj\u0119 konferencyjn\u0105, eBooki i kursy e-learningowe. Naszymi partnerami s\u0105 wiod\u0105ce stowarzyszenia techniczne i wydawnictwa.<\/p>\n<p>Wreszcie, co nie mniej wa\u017cne: SAM jest zaanga\u017cowany. Wspieramy organizacje pomocowe i projekty spo\u0142eczne.<br \/>\nLokalnie i globalnie.  Regularnie wspieramy \u00c4rzte ohne Grenzen e.V. (Lekarze bez Granic). Inne projekty, kt\u00f3re wspierali\u015bmy to kick it international e.V., ambulatoryjne hospicjum dzieci\u0119ce w Monachium, agencja wolontariuszy Tatendrang i wiele innych.<\/p>\n","protected":false},"excerpt":{"rendered":"<p>Tw\u00f3j partner w zakresie informacji technicznych i naukowych. Doradzamy uniwersytetom i szko\u0142om wy\u017cszym, instytutom badawczym i firmom w zakresie pozyskiwania i dostarczania informacji o publikacjach technicznych i normach. Wspieramy Ci\u0119 w zarz\u0105dzaniu normami i wyszukiwaniu patent\u00f3w, a w naszym cyfrowym portfolio posiadamy czasopisma naukowe i dokumentacj\u0119 konferencyjn\u0105, eBooki i kursy e-learningowe. Naszymi partnerami s\u0105 wiod\u0105ce [&hellip;]<\/p>\n","protected":false},"author":1,"featured_media":0,"parent":0,"menu_order":0,"comment_status":"closed","ping_status":"closed","template":"page-clean.php","meta":{"_acf_changed":false,"footnotes":""},"class_list":["post-2334","page","type-page","status-publish","hentry"],"acf":[],"_links":{"self":[{"href":"https:\/\/www.standardsandmore.com\/pl\/wp-json\/wp\/v2\/pages\/2334","targetHints":{"allow":["GET"]}}],"collection":[{"href":"https:\/\/www.standardsandmore.com\/pl\/wp-json\/wp\/v2\/pages"}],"about":[{"href":"https:\/\/www.standardsandmore.com\/pl\/wp-json\/wp\/v2\/types\/page"}],"author":[{"embeddable":true,"href":"https:\/\/www.standardsandmore.com\/pl\/wp-json\/wp\/v2\/users\/1"}],"replies":[{"embeddable":true,"href":"https:\/\/www.standardsandmore.com\/pl\/wp-json\/wp\/v2\/comments?post=2334"}],"version-history":[{"count":1,"href":"https:\/\/www.standardsandmore.com\/pl\/wp-json\/wp\/v2\/pages\/2334\/revisions"}],"predecessor-version":[{"id":2338,"href":"https:\/\/www.standardsandmore.com\/pl\/wp-json\/wp\/v2\/pages\/2334\/revisions\/2338"}],"wp:attachment":[{"href":"https:\/\/www.standardsandmore.com\/pl\/wp-json\/wp\/v2\/media?parent=2334"}],"curies":[{"name":"wp","href":"https:\/\/api.w.org\/{rel}","templated":true}]}}