{"id":4915,"date":"2021-05-21T10:10:28","date_gmt":"2021-05-21T08:10:28","guid":{"rendered":"https:\/\/www.standardsandmore.com\/accesso-ieee\/"},"modified":"2026-05-11T18:07:09","modified_gmt":"2026-05-11T16:07:09","slug":"accesso-ieee","status":"publish","type":"page","link":"https:\/\/www.standardsandmore.com\/it\/ieee\/accesso-ieee\/","title":{"rendered":"Accesso IEEE"},"content":{"rendered":"\n<div class=\"wp-block-cover alignfull is-light\" style=\"padding-top:var(--wp--preset--spacing--60);padding-bottom:var(--wp--preset--spacing--60);min-height:500px;aspect-ratio:unset;\"><img loading=\"lazy\" decoding=\"async\" width=\"1200\" height=\"375\" class=\"wp-block-cover__image-background wp-image-4253 size-large\" alt=\"\" src=\"https:\/\/www.standardsandmore.com\/wp-content\/uploads\/IEEEIndesign-1200x375.jpg\" data-object-fit=\"cover\" srcset=\"https:\/\/www.standardsandmore.com\/wp-content\/uploads\/IEEEIndesign-1200x375.jpg 1200w, https:\/\/www.standardsandmore.com\/wp-content\/uploads\/IEEEIndesign-600x188.jpg 600w, https:\/\/www.standardsandmore.com\/wp-content\/uploads\/IEEEIndesign-300x94.jpg 300w, https:\/\/www.standardsandmore.com\/wp-content\/uploads\/IEEEIndesign-768x240.jpg 768w, https:\/\/www.standardsandmore.com\/wp-content\/uploads\/IEEEIndesign-1536x480.jpg 1536w, https:\/\/www.standardsandmore.com\/wp-content\/uploads\/IEEEIndesign.jpg 1920w\" sizes=\"auto, (max-width: 1200px) 100vw, 1200px\" \/><span aria-hidden=\"true\" class=\"wp-block-cover__background has-background-dim-20 has-background-dim\" style=\"background-color:#f1f3f4\"><\/span><div class=\"wp-block-cover__inner-container has-global-padding is-layout-constrained wp-block-cover-is-layout-constrained\">\n<div class=\"wp-block-columns is-layout-flex wp-container-core-columns-is-layout-28f84493 wp-block-columns-is-layout-flex\">\n<div class=\"wp-block-column has-black-color has-white-background-color has-text-color has-background has-link-color wp-elements-0a0921bf9c3f9e0f10a2e543e5c41935 is-layout-flow wp-block-column-is-layout-flow\" style=\"padding-top:var(--wp--preset--spacing--20);padding-right:var(--wp--preset--spacing--40);padding-bottom:var(--wp--preset--spacing--20);padding-left:var(--wp--preset--spacing--40);flex-basis:66.66%\" data-aos=\"fade-left\" data-aos-delay=\"50\" data-aos-duration=\"1000\" data-aos-once=\"true\">\n<h1 class=\"wp-block-heading has-blue-color has-text-color has-link-color wp-elements-c8cceb341bbe978ef148225b1e514cb7\">Accesso IEEE<\/h1>\n\n\n\n<p>Tutte le informazioni importanti su IEEE Access in un colpo d&#8217;occhio.<\/p>\n\n\n\n<div class=\"wp-block-buttons is-layout-flex wp-block-buttons-is-layout-flex\">\n<div class=\"wp-block-button\"><a class=\"wp-block-button__link has-white-color has-blue-background-color has-text-color has-background has-link-color wp-element-button\" href=\"https:\/\/www.standardsandmore.com\/kontakt\/\">Contattaci<\/a><\/div>\n<\/div>\n<\/div>\n\n\n\n<div class=\"wp-block-column is-layout-flow wp-block-column-is-layout-flow\" style=\"flex-basis:33.33%\"><\/div>\n<\/div>\n<\/div><\/div>\n\n<div class=\"wp-block-group alignfull has-global-padding is-layout-constrained wp-block-group-is-layout-constrained\">\n<p><\/p>\n\n\n\n<h2 class=\"wp-block-heading\" data-aos=\"flip-up\" data-aos-delay=\"50\" data-aos-duration=\"1000\" data-aos-once=\"true\">IEEE Access &#8211; una delle pi\u00f9 grandi riviste ad accesso libero<\/h2>\n\n\n\n<p>La rivista IEEE Access presenta regolarmente i risultati e gli sviluppi della ricerca in tutte le aree specialistiche dell&#8217;IEEE. I contenuti sono resi disponibili dagli autori che li pubblicano pagando una tassa di pubblicazione. Tuttavia, se sei un membro di IEEE come autore, ci sono diverse opzioni per ottenere sconti sulla pubblicazione. In cambio, IEEE Access offre un processo di peer review e di pubblicazione rapido, da quattro a sei settimane, con accesso gratuito per tutti i lettori interessati. Il target principale della rivista \u00e8 costituito da studenti e ingegneri.    <\/p>\n\n\n\n<div class=\"wp-block-media-text is-stacked-on-mobile is-image-fill-element\" style=\"margin-top:var(--wp--preset--spacing--60);margin-bottom:var(--wp--preset--spacing--60)\" data-aos=\"fade-left\" data-aos-delay=\"50\" data-aos-duration=\"1000\" data-aos-once=\"true\"><figure class=\"wp-block-media-text__media\"><img loading=\"lazy\" decoding=\"async\" width=\"1200\" height=\"219\" src=\"https:\/\/www.standardsandmore.com\/wp-content\/uploads\/startslider03-komp-1200x219.jpg\" alt=\"\" class=\"wp-image-1437 size-full\" style=\"object-position:50% 50%\" srcset=\"https:\/\/www.standardsandmore.com\/wp-content\/uploads\/startslider03-komp-1200x219.jpg 1200w, https:\/\/www.standardsandmore.com\/wp-content\/uploads\/startslider03-komp-600x109.jpg 600w, https:\/\/www.standardsandmore.com\/wp-content\/uploads\/startslider03-komp-300x55.jpg 300w, https:\/\/www.standardsandmore.com\/wp-content\/uploads\/startslider03-komp-768x140.jpg 768w, https:\/\/www.standardsandmore.com\/wp-content\/uploads\/startslider03-komp-1536x280.jpg 1536w, https:\/\/www.standardsandmore.com\/wp-content\/uploads\/startslider03-komp.jpg 1920w\" sizes=\"auto, (max-width: 1200px) 100vw, 1200px\" \/><\/figure><div class=\"wp-block-media-text__content\">\n<h2 class=\"wp-block-heading\" data-aos=\"flip-up\" data-aos-delay=\"50\" data-aos-duration=\"1000\" data-aos-once=\"true\">Contenuti interdisciplinari<\/h2>\n\n\n\n<p>L&#8217;ambito di IEEE Access copre tutte le aree di interesse dell&#8217;IEEE, con particolare attenzione agli articoli orientati alle applicazioni e interdisciplinari.<\/p>\n\n\n\n<p>Inoltre, la rivista contiene una sezione speciale che mette in evidenza un argomento specifico di interesse generale per IEEE. A tal fine, i membri della redazione IEEE propongono un&#8217;area di interesse per evidenziare argomenti interdisciplinari e orientati alle applicazioni. Insieme al comitato editoriale, viene poi inviata una &#8220;Call for Papers&#8221; ai ricercatori delle istituzioni e dell&#8217;industria per richiedere l&#8217;invio di manoscritti. Questi devono identificare e discutere le sfide tecniche e i risultati attuali sull&#8217;argomento della rispettiva area.   <\/p>\n<\/div><\/div>\n\n\n\n<div class=\"wp-block-media-text has-media-on-the-right is-stacked-on-mobile is-image-fill-element\" style=\"margin-top:var(--wp--preset--spacing--60);margin-bottom:var(--wp--preset--spacing--60)\" data-aos=\"fade-left\" data-aos-delay=\"50\" data-aos-duration=\"1000\" data-aos-once=\"true\"><div class=\"wp-block-media-text__content\">\n<h3 class=\"wp-block-heading\" data-aos=\"flip-up\" data-aos-delay=\"50\" data-aos-duration=\"1000\" data-aos-once=\"true\"><strong>Indicizzazione:<\/strong><\/h3>\n\n\n\n<ul class=\"wp-block-list\">\n<li>Contenuti attuali\/Edizione di ingegneria, informatica e tecnologia (Clarivate Analytics)<\/li>\n\n\n\n<li>Elenco delle riviste ad accesso aperto (DOAJ)<\/li>\n\n\n\n<li>EBSCOhost<\/li>\n\n\n\n<li>Compendio delle uova<\/li>\n\n\n\n<li>Google Scholar<\/li>\n\n\n\n<li>IET Inspec<\/li>\n\n\n\n<li>Journal Citation Reports\/Science Edition (Clarivate Analytics)<\/li>\n\n\n\n<li>Indice di citazione scientifica espanso (Clarivate Analytics)<\/li>\n\n\n\n<li>Scopus<\/li>\n\n\n\n<li>Web of Science (Clarivate Analytics)<\/li>\n<\/ul>\n<\/div><figure class=\"wp-block-media-text__media\"><img loading=\"lazy\" decoding=\"async\" width=\"1200\" height=\"219\" src=\"https:\/\/www.standardsandmore.com\/wp-content\/uploads\/startslider03-komp-1200x219.jpg\" alt=\"\" class=\"wp-image-1437 size-full\" style=\"object-position:50% 50%\" srcset=\"https:\/\/www.standardsandmore.com\/wp-content\/uploads\/startslider03-komp-1200x219.jpg 1200w, https:\/\/www.standardsandmore.com\/wp-content\/uploads\/startslider03-komp-600x109.jpg 600w, https:\/\/www.standardsandmore.com\/wp-content\/uploads\/startslider03-komp-300x55.jpg 300w, https:\/\/www.standardsandmore.com\/wp-content\/uploads\/startslider03-komp-768x140.jpg 768w, https:\/\/www.standardsandmore.com\/wp-content\/uploads\/startslider03-komp-1536x280.jpg 1536w, https:\/\/www.standardsandmore.com\/wp-content\/uploads\/startslider03-komp.jpg 1920w\" sizes=\"auto, (max-width: 1200px) 100vw, 1200px\" \/><\/figure><\/div>\n\n\n\n<h2 class=\"wp-block-heading\" data-aos=\"flip-up\" data-aos-delay=\"50\" data-aos-duration=\"1000\" data-aos-once=\"true\">Pubblica la tua ricerca su IEEE Access<\/h2>\n\n\n\n<p>Vuoi pubblicare tu stesso con IEEE Access? Oppure stai cercando i migliori metodi di ricerca per le pubblicazioni tecniche? In qualit\u00e0 di partner autorizzato di IEEE, noi di SAM &#8211; Standards and More saremo lieti di aiutarti a utilizzare al meglio i database specializzati e in particolare IEEE Access. Oltre ai corsi di formazione, ti offriamo un supporto personalizzato per l&#8217;acquisizione e la pubblicazione di contenuti scientifici. Approfitta del nostro supporto semplice e competente e lasciati consigliare senza impegno!    <\/p>\n\n\n\n<div class=\"wp-block-columns alignfull has-white-color has-blue-turquoise-hard-gradient-background has-text-color has-background has-link-color wp-elements-b1630c6071e10405a5ff8da056deec1e is-layout-flex wp-container-core-columns-is-layout-4f15bf30 wp-block-columns-is-layout-flex\" style=\"margin-top:var(--wp--preset--spacing--60);margin-bottom:0;padding-top:var(--wp--preset--spacing--60);padding-bottom:var(--wp--preset--spacing--60)\">\n<div class=\"wp-block-column is-vertically-aligned-bottom is-layout-flow wp-block-column-is-layout-flow\">\n<p class=\"has-text-align-right has-extra-large-font-size\" style=\"text-transform:uppercase\" data-aos=\"fade-right\" data-aos-delay=\"50\" data-aos-duration=\"1000\" data-aos-once=\"true\"><em>Timo Kandler<\/em><\/p>\n\n\n\n<p class=\"has-text-align-right\"><strong><a href=\"tel:+498925544820\">+49 89 2 55 44 82 -0<\/a><br\/><a href=\"mailto:timo.kandler@standardsandmore.com\">E-mail a Timo Kandler<\/a><\/strong><\/p>\n<\/div>\n\n\n\n<div class=\"wp-block-column is-vertically-aligned-center is-layout-flow wp-block-column-is-layout-flow\">\n<figure class=\"wp-block-image aligncenter size-full is-resized has-custom-border is-style-rounded\"><img loading=\"lazy\" decoding=\"async\" width=\"310\" height=\"400\" src=\"https:\/\/www.standardsandmore.com\/wp-content\/uploads\/SAM_TimoKandler.jpg\" alt=\"Timo Kandler, Amministratore delegato\" class=\"wp-image-1144\" style=\"border-radius:100%;aspect-ratio:1;object-fit:cover;width:250px\" srcset=\"https:\/\/www.standardsandmore.com\/wp-content\/uploads\/SAM_TimoKandler.jpg 310w, https:\/\/www.standardsandmore.com\/wp-content\/uploads\/SAM_TimoKandler-233x300.jpg 233w\" sizes=\"auto, (max-width: 310px) 100vw, 310px\" \/><\/figure>\n<\/div>\n\n\n\n<div class=\"wp-block-column is-layout-flow wp-block-column-is-layout-flow\">\n<p class=\"has-black-color has-text-color has-link-color has-extra-extra-large-font-size wp-elements-203bcb0319c28ff23a862498a607d38d\" data-aos=\"fade-left\" data-aos-delay=\"50\" data-aos-duration=\"1000\" data-aos-once=\"true\">Ci sono domande?<\/p>\n\n\n\n<p class=\"has-black-color has-text-color has-link-color wp-elements-54f1f99349612ab8d3812e6a86a61d95\">Approfitta di IEEE Access, la principale rivista ad accesso aperto per la ricerca interdisciplinare e orientata alle applicazioni. Pubblica i tuoi risultati con un rapido processo di peer-review o conduci ricerche complete su argomenti tecnici. Lasciati consigliare dai nostri esperti e ottimizza il tuo utilizzo di IEEE Access.  <\/p>\n\n\n\n<div class=\"wp-block-buttons is-layout-flex wp-block-buttons-is-layout-flex\" data-aos=\"flip-up\" data-aos-delay=\"250\" data-aos-duration=\"1000\" data-aos-once=\"true\">\n<div class=\"wp-block-button\"><a class=\"wp-block-button__link has-blue-color has-yellow-background-color has-text-color has-background has-link-color wp-element-button\" href=\"https:\/\/www.standardsandmore.com\/kontakt\/\">Richiedi subito una consulenza<\/a><\/div>\n<\/div>\n<\/div>\n<\/div>\n\n\n\n<div class=\"wp-block-group alignfull has-lightgrey-background-color has-background has-global-padding is-layout-constrained wp-block-group-is-layout-constrained\" style=\"padding-top:var(--wp--preset--spacing--60);padding-bottom:var(--wp--preset--spacing--60)\">\n<h2 class=\"wp-block-heading\" data-aos=\"flip-up\" data-aos-delay=\"50\" data-aos-duration=\"1000\" data-aos-once=\"true\">Altri argomenti su IEEE:<\/h2>\n\n\n\n<div class=\"wp-block-columns is-layout-flex wp-container-core-columns-is-layout-7255d826 wp-block-columns-is-layout-flex\" style=\"margin-top:var(--wp--preset--spacing--40);margin-bottom:var(--wp--preset--spacing--40)\">\n<div class=\"wp-block-column is-layout-flow wp-block-column-is-layout-flow\" style=\"border-bottom-color:var(--wp--preset--color--blue);border-bottom-width:1px\">\n<p class=\"arr has-large-font-size\"><a href=\"#\"><strong><em>Documenti IEEE<\/em><\/strong><\/a><\/p>\n<\/div>\n\n\n\n<div class=\"wp-block-column is-layout-flow wp-block-column-is-layout-flow\" style=\"border-bottom-color:var(--wp--preset--color--blue);border-bottom-width:1px\">\n<p class=\"arr has-large-font-size\"><a href=\"#\"><strong><em>Iscrizione all&#8217;IEEE<\/em><\/strong><\/a><\/p>\n<\/div>\n<\/div>\n\n\n\n<div class=\"wp-block-columns is-layout-flex wp-container-core-columns-is-layout-7255d826 wp-block-columns-is-layout-flex\" style=\"margin-top:var(--wp--preset--spacing--40);margin-bottom:var(--wp--preset--spacing--40)\">\n<div class=\"wp-block-column is-layout-flow wp-block-column-is-layout-flow\" style=\"border-bottom-color:var(--wp--preset--color--blue);border-bottom-width:1px\">\n<p class=\"arr has-large-font-size\"><a href=\"#\"><strong><em>IEEE Xplore<\/em><\/strong><\/a><\/p>\n<\/div>\n\n\n\n<div class=\"wp-block-column is-layout-flow wp-block-column-is-layout-flow\" style=\"border-bottom-color:var(--wp--preset--color--blue);border-bottom-width:1px\">\n<p class=\"arr has-large-font-size\"><a href=\"#\"><strong><em>Accesso IEEE<\/em><\/strong><\/a><\/p>\n<\/div>\n<\/div>\n<\/div>\n<\/div>\n\n<h2 class=\"wp-block-heading\">Domande frequenti<\/h2>\n\n<h3 class=\"wp-block-heading\">L&#8217;IEEE Access \u00e8 gratuito?<\/h3>\n\n<p>Fondamentalmente s\u00ec. Puoi accedere a tutti gli articoli, i documenti e i materiali. Tuttavia, nel momento in cui vorrai pubblicare qualcosa, ti verr\u00e0 addebitato un costo. Saremo lieti di consigliarti su condizioni e metodi di ricerca pi\u00f9 precisi!   <\/p>\n\n<h3 class=\"wp-block-heading\">Come si scrive un articolo tecnico per IEEE Access?<\/h3>\n\n<p>Se vuoi pubblicare qualcosa come autore con IEEE Access, ci sono alcune cose da tenere a mente. L&#8217;IEEE ti fornir\u00e0 diverse descrizioni video e strumenti di authoring per aiutarti a pubblicare i risultati della ricerca in modo pi\u00f9 rapido ed efficace. Il tuo manoscritto sar\u00e0 sottoposto a peer-review e ogni articolo dovr\u00e0 essere valutato da almeno due revisori indipendenti. Una volta che il tuo articolo \u00e8 stato accettato per la pubblicazione, verr\u00e0 messo in produzione. Saremo lieti di consigliarti in un incontro personale se \u00e8 necessario un workshop per autori.    <\/p>\n\n<script type=\"application\/ld+json\">{\n  \"@context\": \"https:\/\/schema.org\",\n  \"@type\": \"FAQPage\",\n  \"mainEntity\": [{\n    \"@type\": \"Question\",\n    \"name\": \"Ist IEEE Access kostenlos?\",\n    \"acceptedAnswer\": {\n      \"@type\": \"Answer\",\n      \"text\": \"Grunds\u00e4tzlich ja. Sie k\u00f6nnen auf alle Artikel, Dokumente und Materialien zugreifen. Sobald Sie aber etwas selbst ver\u00f6ffentlichen m\u00f6chten, wird eine Geb\u00fchr f\u00e4llig. Zu genaueren Konditionen und Recherchemethoden beraten wir Sie gerne!\"\n    }\n  },{\n    \"@type\": \"Question\",\n    \"name\": \"Wie schreibe ich einen Fachartikel f\u00fcr IEEE Access?\",\n    \"acceptedAnswer\": {\n      \"@type\": \"Answer\",\n      \"text\": \"Wenn Sie bei IEEE Access als Autor etwas ver\u00f6ffentlichen wollen, gilt es einiges zu beachten. Durch das IEEE werden Ihnen verschiedene Videobeschreibungen und Authoring-Tools, mit denen Sie Forschungsergebnisse schneller und effektiver ver\u00f6ffentlichen k\u00f6nnen, bereitgestellt. Ihr Manuskript wird dann einer Peer-Review unterzogen, und jeder Artikel muss von mindestens zwei unabh\u00e4ngigen Gutachtern bewertet werden. Sobald Ihr Artikel zur Ver\u00f6ffentlichung angenommen wurde, wird er in Produktion gehen. Gerne beraten wir Sie in einem pers\u00f6nlichen Gespr\u00e4ch, ob ein Autorenworkshop n\u00f6tig ist.\"\n    }\n  }]\n}\n<\/script>\n\n<div class=\"wp-block-group alignfull has-white-color has-blue-background-color has-text-color has-background has-link-color wp-elements-8df1da7475e549ad6ba61241696b0df7 has-global-padding is-layout-constrained wp-block-group-is-layout-constrained\" style=\"margin-top:var(--wp--preset--spacing--60);margin-bottom:0\">\n<div class=\"wp-block-columns are-vertically-aligned-center is-layout-flex wp-container-core-columns-is-layout-28f84493 wp-block-columns-is-layout-flex\">\n<div class=\"wp-block-column is-vertically-aligned-center is-layout-flow wp-block-column-is-layout-flow\" style=\"flex-basis:66.66%\">\n<p class=\"has-extra-large-font-size\" style=\"text-transform:uppercase\" data-aos=\"fade-right\" data-aos-delay=\"50\" data-aos-duration=\"1000\" data-aos-once=\"true\"><em>Richiedi subito una consulenza e scopri di pi\u00f9<\/em><\/p>\n<\/div>\n\n\n\n<div class=\"wp-block-column is-vertically-aligned-center is-layout-flow wp-block-column-is-layout-flow\" style=\"flex-basis:33.33%\">\n<div class=\"wp-block-buttons is-layout-flex wp-block-buttons-is-layout-flex\" data-aos=\"flip-up\" data-aos-delay=\"250\" data-aos-duration=\"1000\" data-aos-once=\"true\">\n<div class=\"wp-block-button\"><a class=\"wp-block-button__link has-blue-color has-yellow-background-color has-text-color has-background has-link-color wp-element-button\" href=\"https:\/\/www.standardsandmore.com\/kontakt\/\">Mettiti in contatto con noi<\/a><\/div>\n<\/div>\n<\/div>\n<\/div>\n<\/div>\n\n<div class=\"wp-block-group alignfull has-lightgrey-background-color has-background has-global-padding is-layout-constrained wp-block-group-is-layout-constrained\" style=\"padding-top:var(--wp--preset--spacing--60);padding-bottom:var(--wp--preset--spacing--60)\">\n<h2 class=\"wp-block-heading\" data-aos=\"flip-up\" data-aos-delay=\"50\" data-aos-duration=\"1000\" data-aos-once=\"true\">Contributi sul tema IEEE<\/h2>\n\n\n\n<ul class=\"wp-block-list\">\n<li><a href=\"https:\/\/www.standardsandmore.com\/open-access-symposium-fuer-ieee-autoren-tipps-und-best-practices-fuer-ieee-veroeffentlichungen\/\">Simposio sull&#8217;accesso aperto per gli autori IEEE: suggerimenti e buone pratiche per le pubblicazioni IEEE<\/a><\/li>\n\n\n\n<li><a href=\"https:\/\/www.standardsandmore.com\/ieee-xplore-webinar-strategien-zur-personalisierung-ihrer-forschungserfahrung\/\">Webinar IEEE Xplore: Strategie per personalizzare la tua esperienza di ricerca<\/a><\/li>\n\n\n\n<li><a href=\"https:\/\/www.standardsandmore.com\/treffen-sie-uns-beim-vdi-kongress-fuer-elektronikexperten\/\">Incontraci al Congresso VDI per gli esperti di elettronica<\/a><\/li>\n\n\n\n<li><a href=\"https:\/\/www.standardsandmore.com\/best-practices-to-get-published-with-ieee\/\">Le migliori pratiche per essere pubblicati con IEEE<\/a><\/li>\n\n\n\n<li><a href=\"https:\/\/www.standardsandmore.com\/princeton-university-press-auf-ieee-xplore\/\">Princeton University Press su IEEE Xplore<\/a><\/li>\n<\/ul>\n<\/div>\n","protected":false},"excerpt":{"rendered":"<p>IEEE Access &#8211; una delle pi\u00f9 grandi riviste ad accesso libero La rivista IEEE Access presenta regolarmente i risultati e gli sviluppi della ricerca in tutte le aree specialistiche dell&#8217;IEEE. I contenuti sono resi disponibili dagli autori che li pubblicano pagando una tassa di pubblicazione. Tuttavia, se sei un membro di IEEE come autore, ci [&hellip;]<\/p>\n","protected":false},"author":1,"featured_media":1705,"parent":4921,"menu_order":40,"comment_status":"closed","ping_status":"closed","template":"","meta":{"_acf_changed":false,"footnotes":""},"class_list":["post-4915","page","type-page","status-publish","hentry"],"acf":[],"_links":{"self":[{"href":"https:\/\/www.standardsandmore.com\/it\/wp-json\/wp\/v2\/pages\/4915","targetHints":{"allow":["GET"]}}],"collection":[{"href":"https:\/\/www.standardsandmore.com\/it\/wp-json\/wp\/v2\/pages"}],"about":[{"href":"https:\/\/www.standardsandmore.com\/it\/wp-json\/wp\/v2\/types\/page"}],"author":[{"embeddable":true,"href":"https:\/\/www.standardsandmore.com\/it\/wp-json\/wp\/v2\/users\/1"}],"replies":[{"embeddable":true,"href":"https:\/\/www.standardsandmore.com\/it\/wp-json\/wp\/v2\/comments?post=4915"}],"version-history":[{"count":1,"href":"https:\/\/www.standardsandmore.com\/it\/wp-json\/wp\/v2\/pages\/4915\/revisions"}],"predecessor-version":[{"id":4918,"href":"https:\/\/www.standardsandmore.com\/it\/wp-json\/wp\/v2\/pages\/4915\/revisions\/4918"}],"up":[{"embeddable":true,"href":"https:\/\/www.standardsandmore.com\/it\/wp-json\/wp\/v2\/pages\/4921"}],"wp:featuredmedia":[{"embeddable":true,"href":"https:\/\/www.standardsandmore.com\/it\/wp-json\/wp\/v2\/media\/1705"}],"wp:attachment":[{"href":"https:\/\/www.standardsandmore.com\/it\/wp-json\/wp\/v2\/media?parent=4915"}],"curies":[{"name":"wp","href":"https:\/\/api.w.org\/{rel}","templated":true}]}}