{"id":4910,"date":"2021-05-21T10:08:43","date_gmt":"2021-05-21T08:08:43","guid":{"rendered":"https:\/\/www.standardsandmore.com\/ieee-xplore\/"},"modified":"2026-05-11T18:07:09","modified_gmt":"2026-05-11T16:07:09","slug":"ieee-xplore","status":"publish","type":"page","link":"https:\/\/www.standardsandmore.com\/it\/ieee\/ieee-xplore\/","title":{"rendered":"IEEE Xplore"},"content":{"rendered":"\n<div class=\"wp-block-cover alignfull is-light\" style=\"padding-top:var(--wp--preset--spacing--60);padding-bottom:var(--wp--preset--spacing--60);min-height:50vh;aspect-ratio:unset;\"><img loading=\"lazy\" decoding=\"async\" width=\"1200\" height=\"375\" class=\"wp-block-cover__image-background wp-image-4253 size-large\" alt=\"\" src=\"https:\/\/www.standardsandmore.com\/wp-content\/uploads\/IEEEIndesign-1200x375.jpg\" data-object-fit=\"cover\" srcset=\"https:\/\/www.standardsandmore.com\/wp-content\/uploads\/IEEEIndesign-1200x375.jpg 1200w, https:\/\/www.standardsandmore.com\/wp-content\/uploads\/IEEEIndesign-600x188.jpg 600w, https:\/\/www.standardsandmore.com\/wp-content\/uploads\/IEEEIndesign-300x94.jpg 300w, https:\/\/www.standardsandmore.com\/wp-content\/uploads\/IEEEIndesign-768x240.jpg 768w, https:\/\/www.standardsandmore.com\/wp-content\/uploads\/IEEEIndesign-1536x480.jpg 1536w, https:\/\/www.standardsandmore.com\/wp-content\/uploads\/IEEEIndesign.jpg 1920w\" sizes=\"auto, (max-width: 1200px) 100vw, 1200px\" \/><span aria-hidden=\"true\" class=\"wp-block-cover__background has-background-dim-20 has-background-dim\" style=\"background-color:#f1f3f4\"><\/span><div class=\"wp-block-cover__inner-container has-global-padding is-layout-constrained wp-block-cover-is-layout-constrained\">\n<div class=\"wp-block-columns is-layout-flex wp-container-core-columns-is-layout-28f84493 wp-block-columns-is-layout-flex\">\n<div class=\"wp-block-column has-black-color has-white-background-color has-text-color has-background has-link-color wp-elements-25aba57737cb2d7bb2c87237e187aed1 is-layout-flow wp-block-column-is-layout-flow\" style=\"padding-top:var(--wp--preset--spacing--20);padding-right:var(--wp--preset--spacing--40);padding-bottom:var(--wp--preset--spacing--20);padding-left:var(--wp--preset--spacing--40);flex-basis:66.66%\" data-aos=\"fade-left\" data-aos-delay=\"50\" data-aos-duration=\"1000\" data-aos-once=\"true\">\n<h1 class=\"wp-block-heading has-blue-color has-text-color has-link-color wp-elements-35880b549eaa16e53cad9457f6837438\">IEEE Xplore<\/h1>\n\n\n\n<p>Con IEEE Xplore, IEEE offre un database di ricerca digitale completo con contenuti scientifici e tecnici. Questi contenuti riguardano principalmente argomenti chiave dei settori dell&#8217;informatica, dell&#8217;ingegneria elettrica, dell&#8217;elettronica e delle aree correlate. <\/p>\n\n\n\n<div class=\"wp-block-buttons is-layout-flex wp-block-buttons-is-layout-flex\">\n<div class=\"wp-block-button\"><a class=\"wp-block-button__link has-white-color has-blue-background-color has-text-color has-background has-link-color wp-element-button\" href=\"https:\/\/www.standardsandmore.com\/kontakt\/\">Contattaci<\/a><\/div>\n<\/div>\n<\/div>\n\n\n\n<div class=\"wp-block-column is-layout-flow wp-block-column-is-layout-flow\" style=\"flex-basis:33.33%\"><\/div>\n<\/div>\n<\/div><\/div>\n\n<div class=\"wp-block-columns is-layout-flex wp-container-core-columns-is-layout-bcb58c4c wp-block-columns-is-layout-flex\" style=\"margin-top:var(--wp--preset--spacing--80);margin-bottom:var(--wp--preset--spacing--80)\">\n<div class=\"wp-block-column teaserbox has-white-background-color has-background is-layout-flow wp-block-column-is-layout-flow\" style=\"padding-top:var(--wp--preset--spacing--40);padding-right:var(--wp--preset--spacing--20);padding-bottom:var(--wp--preset--spacing--20);padding-left:var(--wp--preset--spacing--20)\" data-aos=\"fade-up\" data-aos-delay=\"50\" data-aos-duration=\"1000\" data-aos-once=\"true\">\n<p class=\"has-blue-color has-text-color has-link-color has-extra-large-font-size wp-elements-7671e1769b82afaf4fc51bcc7db3e198\" style=\"line-height:1.2;text-transform:uppercase\"><em>Biblioteca digitale IEEE XPlore<\/em><\/p>\n\n\n\n<p><strong>\u00c8 la piattaforma di ricerca per tutte le pubblicazioni IEEE e i contenuti dei partner.<\/strong>  La gamma spazia da riviste specializzate, documenti di conferenze e standard a serie di corsi eLearning ed eBook. Le licenze di prodotto basate sulle esigenze offrono sia quote di download che accesso illimitato. <\/p>\n\n\n\n<hr class=\"wp-block-separator has-text-color has-blue-color has-alpha-channel-opacity has-blue-background-color has-background\"\/>\n\n\n\n<div class=\"wp-block-buttons is-content-justification-right is-layout-flex wp-container-core-buttons-is-layout-d445cf74 wp-block-buttons-is-layout-flex\">\n<div class=\"wp-block-button\"><a class=\"wp-block-button__link has-blue-color has-yellow-background-color has-text-color has-background has-link-color wp-element-button\" href=\"https:\/\/www.standardsandmore.com\/kontakt\/\">Prova ora<\/a><\/div>\n<\/div>\n<\/div>\n<\/div>\n\n<div class=\"wp-block-group alignfull has-global-padding is-layout-constrained wp-block-group-is-layout-constrained\">\n<h2 class=\"wp-block-heading\" data-aos=\"flip-up\" data-aos-delay=\"50\" data-aos-duration=\"1000\" data-aos-once=\"true\">IEEE Xplore offre contenuti completi e verificati<\/h2>\n\n\n\n<p><a href=\"https:\/\/www.standardsandmore.com\/ieee-xplore-webinar-strategien-zur-personalisierung-ihrer-forschungserfahrung\/\">IEEE Xplore<\/a> offre la ricerca e l&#8217;accesso online ad articoli di riviste, relazioni di conferenze, norme e standard tecnici o materiali simili. Gli utenti possono accedere a oltre cinque milioni di documenti full-text tratti dalle pubblicazioni pi\u00f9 citate al mondo nei settori dell&#8217;ingegneria elettrica, dell&#8217;informatica e dell&#8217;elettronica. <\/p>\n\n\n\n<p>Il database di ricerca <a href=\"https:\/\/www.standardsandmore.com\/ieee-xplore-webinar-strategien-zur-personalisierung-ihrer-forschungserfahrung\/\">IEEE Xplore<\/a> \u00e8 costantemente aggiornato: ogni mese vengono aggiunti circa 20.000 nuovi documenti. Sono gi\u00e0 presenti oltre 300 riviste peer-reviewed, materiale su oltre 1.900 conferenze internazionali, pi\u00f9 di 11.000 norme tecniche, quasi 5.000 e-book e oltre 500 corsi online. <\/p>\n\n\n\n<div class=\"wp-block-media-text is-stacked-on-mobile is-image-fill-element\" style=\"margin-top:var(--wp--preset--spacing--60);margin-bottom:var(--wp--preset--spacing--60)\" data-aos=\"fade-left\" data-aos-delay=\"50\" data-aos-duration=\"1000\" data-aos-once=\"true\"><figure class=\"wp-block-media-text__media\"><img loading=\"lazy\" decoding=\"async\" width=\"1200\" height=\"219\" src=\"https:\/\/www.standardsandmore.com\/wp-content\/uploads\/startslider03-komp-1200x219.jpg\" alt=\"\" class=\"wp-image-1437 size-full\" style=\"object-position:50% 50%\" srcset=\"https:\/\/www.standardsandmore.com\/wp-content\/uploads\/startslider03-komp-1200x219.jpg 1200w, https:\/\/www.standardsandmore.com\/wp-content\/uploads\/startslider03-komp-600x109.jpg 600w, https:\/\/www.standardsandmore.com\/wp-content\/uploads\/startslider03-komp-300x55.jpg 300w, https:\/\/www.standardsandmore.com\/wp-content\/uploads\/startslider03-komp-768x140.jpg 768w, https:\/\/www.standardsandmore.com\/wp-content\/uploads\/startslider03-komp-1536x280.jpg 1536w, https:\/\/www.standardsandmore.com\/wp-content\/uploads\/startslider03-komp.jpg 1920w\" sizes=\"auto, (max-width: 1200px) 100vw, 1200px\" \/><\/figure><div class=\"wp-block-media-text__content\">\n<h2 class=\"wp-block-heading\" data-aos=\"flip-up\" data-aos-delay=\"50\" data-aos-duration=\"1000\" data-aos-once=\"true\">Accesso a IEEE Xplore<\/h2>\n\n\n\n<p>In linea di principio, chiunque pu\u00f2 effettuare ricerche su <a href=\"https:\/\/www.standardsandmore.com\/ieee-xplore-webinar-strategien-zur-personalisierung-ihrer-forschungserfahrung\/\">IEEE Xplore<\/a> in modo gratuito e trovare documenti bibliografici e abstract. Tuttavia, se hai bisogno di accedere ai documenti full-text, \u00e8 necessario un abbonamento. Si fa una distinzione tra un abbonamento individuale e uno istituzionale: gli studenti possono spesso ottenere l&#8217;accesso completo a <a href=\"https:\/\/www.standardsandmore.com\/ieee-xplore-webinar-strategien-zur-personalisierung-ihrer-forschungserfahrung\/\">IEEE Explore<\/a> tramite l&#8217;universit\u00e0. Esistono invece abbonamenti esclusivi per i soci IEEE e per i membri della IEEE Society. \u00c8 anche possibile acquistare singoli documenti online, a prezzi scontati per i membri IEEE.    <\/p>\n<\/div><\/div>\n\n\n\n<h2 class=\"wp-block-heading\">Ricerca su IEEE Xplore<\/h2>\n\n\n\n<p>Con cos\u00ec tante opzioni di ricerca e abbonamento, \u00e8 facile perdere il filo! Essendo partner autorizzati di IEEE per la Germania, possiamo fornirti una consulenza e un supporto professionale e rapido per la gestione delle banche dati e la ricerca di argomenti tecnici e scientifici. Noi di SAM &#8211; Standards and More ti offriamo formazione e supporto personale per la ricerca e il reperimento di contenuti e ti garantiamo un&#8217;assistenza rapida. Lasciati consigliare senza impegno!   <\/p>\n\n\n\n<div class=\"wp-block-columns alignfull has-white-color has-blue-turquoise-hard-gradient-background has-text-color has-background has-link-color wp-elements-80dbd63187b5757e4439fb59e0e421ea is-layout-flex wp-container-core-columns-is-layout-4f15bf30 wp-block-columns-is-layout-flex\" style=\"margin-top:var(--wp--preset--spacing--60);margin-bottom:0;padding-top:var(--wp--preset--spacing--60);padding-bottom:var(--wp--preset--spacing--60)\">\n<div class=\"wp-block-column is-vertically-aligned-bottom is-layout-flow wp-block-column-is-layout-flow\">\n<p class=\"has-text-align-right has-extra-large-font-size\" style=\"text-transform:uppercase\" data-aos=\"fade-right\" data-aos-delay=\"50\" data-aos-duration=\"1000\" data-aos-once=\"true\"><em>Timo Kandler<\/em><\/p>\n\n\n\n<p class=\"has-text-align-right\"><strong><a href=\"tel:+498925544820\">+49 89 2 55 44 82 -0<\/a><br\/><a href=\"mailto:timo.kandler@standardsandmore.com\">E-mail a Timo Kandler<\/a><\/strong><\/p>\n<\/div>\n\n\n\n<div class=\"wp-block-column is-vertically-aligned-center is-layout-flow wp-block-column-is-layout-flow\">\n<figure class=\"wp-block-image aligncenter size-full is-resized has-custom-border is-style-rounded\"><img loading=\"lazy\" decoding=\"async\" width=\"310\" height=\"400\" src=\"https:\/\/www.standardsandmore.com\/wp-content\/uploads\/SAM_TimoKandler.jpg\" alt=\"Timo Kandler, Amministratore delegato\" class=\"wp-image-1144\" style=\"border-radius:100%;aspect-ratio:1;object-fit:cover;width:250px\" srcset=\"https:\/\/www.standardsandmore.com\/wp-content\/uploads\/SAM_TimoKandler.jpg 310w, https:\/\/www.standardsandmore.com\/wp-content\/uploads\/SAM_TimoKandler-233x300.jpg 233w\" sizes=\"auto, (max-width: 310px) 100vw, 310px\" \/><\/figure>\n<\/div>\n\n\n\n<div class=\"wp-block-column is-layout-flow wp-block-column-is-layout-flow\">\n<p class=\"has-black-color has-text-color has-link-color has-extra-extra-large-font-size wp-elements-6c88eee77b1e3b7efbf57c6626a1e7a2\" data-aos=\"fade-left\" data-aos-delay=\"50\" data-aos-duration=\"1000\" data-aos-once=\"true\">Scopri di pi\u00f9 e assicurati l&#8217;accesso di prova!<\/p>\n\n\n\n<p class=\"has-black-color has-text-color has-link-color wp-elements-243ce0e58d9712b8cb89cb687776bc89\">Accedi a uno dei database digitali di ricerca pi\u00f9 completi al mondo con IEEE Xplore. Scopri milioni di documenti full-text e rimani all&#8217;avanguardia nel tuo campo. Approfitta della nostra formazione e dei nostri consigli per ottenere il massimo dalla tua ricerca su IEEE Xplore.  <\/p>\n\n\n\n<div class=\"wp-block-buttons is-layout-flex wp-block-buttons-is-layout-flex\" data-aos=\"flip-up\" data-aos-delay=\"250\" data-aos-duration=\"1000\" data-aos-once=\"true\">\n<div class=\"wp-block-button\"><a class=\"wp-block-button__link has-blue-color has-yellow-background-color has-text-color has-background has-link-color wp-element-button\" href=\"https:\/\/www.standardsandmore.com\/kontakt\/\">Prova ora<\/a><\/div>\n<\/div>\n<\/div>\n<\/div>\n\n\n\n<div class=\"wp-block-group alignfull has-lightgrey-background-color has-background has-global-padding is-layout-constrained wp-block-group-is-layout-constrained\" style=\"padding-top:var(--wp--preset--spacing--60);padding-bottom:var(--wp--preset--spacing--60)\">\n<h2 class=\"wp-block-heading\" data-aos=\"flip-up\" data-aos-delay=\"50\" data-aos-duration=\"1000\" data-aos-once=\"true\">Altri argomenti su IEEE:<\/h2>\n\n\n\n<div class=\"wp-block-columns is-layout-flex wp-container-core-columns-is-layout-7255d826 wp-block-columns-is-layout-flex\" style=\"margin-top:var(--wp--preset--spacing--40);margin-bottom:var(--wp--preset--spacing--40)\">\n<div class=\"wp-block-column is-layout-flow wp-block-column-is-layout-flow\" style=\"border-bottom-color:var(--wp--preset--color--blue);border-bottom-width:1px\">\n<p class=\"arr has-large-font-size\"><a href=\"#\"><strong><em>Documenti IEEE<\/em><\/strong><\/a><\/p>\n<\/div>\n\n\n\n<div class=\"wp-block-column is-layout-flow wp-block-column-is-layout-flow\" style=\"border-bottom-color:var(--wp--preset--color--blue);border-bottom-width:1px\">\n<p class=\"arr has-large-font-size\"><a href=\"#\"><strong><em>Iscrizione all&#8217;IEEE<\/em><\/strong><\/a><\/p>\n<\/div>\n<\/div>\n\n\n\n<div class=\"wp-block-columns is-layout-flex wp-container-core-columns-is-layout-7255d826 wp-block-columns-is-layout-flex\" style=\"margin-top:var(--wp--preset--spacing--40);margin-bottom:var(--wp--preset--spacing--40)\">\n<div class=\"wp-block-column is-layout-flow wp-block-column-is-layout-flow\" style=\"border-bottom-color:var(--wp--preset--color--blue);border-bottom-width:1px\">\n<p class=\"arr has-large-font-size\"><a href=\"#\"><strong><em>IEEE Xplore<\/em><\/strong><\/a><\/p>\n<\/div>\n\n\n\n<div class=\"wp-block-column is-layout-flow wp-block-column-is-layout-flow\" style=\"border-bottom-color:var(--wp--preset--color--blue);border-bottom-width:1px\">\n<p class=\"arr has-large-font-size\"><a href=\"#\"><strong><em>Accesso IEEE<\/em><\/strong><\/a><\/p>\n<\/div>\n<\/div>\n<\/div>\n<\/div>\n\n<h2 class=\"wp-block-heading\">Domande frequenti<\/h2>\n\n<h3 class=\"wp-block-heading\">Come posso accedere ai documenti di IEEE Xplore?<\/h3>\n\n<p>Sei interessato ai risultati della ricerca e alla letteratura tecnica e non sai ancora se IEEE Xplore offre i contenuti giusti per te? Saremo lieti di consigliarti su come accedere con successo alle informazioni tecniche e scientifiche specialistiche, di supportarti nell&#8217;acquisto delle licenze e di garantirti un&#8217;assistenza rapida se necessario. Hai anche la possibilit\u00e0 di ottenere un accesso di prova a IEEE Xplore: contattaci!  <\/p>\n\n<h3 class=\"wp-block-heading\">Come posso accedere a IEEE Xplore?<\/h3>\n\n<p>In linea di principio, chiunque pu\u00f2 effettuare ricerche nel database di IEEE Xplore gratuitamente. Tuttavia, se vuoi leggere il testo completo, dovrai pagare una licenza, che va di pari passo con la registrazione. Una volta effettuata la registrazione, potrai scegliere tra diverse opzioni di ricerca e di abbonamento, come ad esempio un abbonamento individuale e istituzionale o un abbonamento per i membri IEEE. Saremo lieti di consigliarti l&#8217;opzione di ricerca pi\u00f9 adatta a te.   <\/p>\n\n<h3 class=\"wp-block-heading\">Come puoi ottimizzare l&#8217;uso di IEEE Xplore per il reperimento delle informazioni?<\/h3>\n\n<p>In qualit\u00e0 di partner autorizzato di IEEE nei paesi di lingua tedesca, offriamo formazione e corsi sull&#8217;utilizzo di banche dati come IEEE Xplore. Ti formiamo in loco o tramite webinar su come utilizzare le banche dati in modo ottimale ed economico per l&#8217;acquisizione di informazioni tecniche e scientifiche. Standards And More ti offre consulenza e assistenza e garantisce un supporto tempestivo in caso di necessit\u00e0.  <\/p>\n\n<h3 class=\"wp-block-heading\">Come faccio a pubblicare con IEEE Xplore?<\/h3>\n\n<p>Vuoi pubblicare come autore su IEEE Xplore? Puoi completare facilmente il processo di pubblicazione online nel Centro Autori IEEE. Ci sono diversi video descrittivi e strumenti di authoring che ti aiutano a pubblicare la ricerca in modo pi\u00f9 rapido ed efficace. Il tuo manoscritto sar\u00e0 poi sottoposto a peer review: ogni articolo deve essere valutato da almeno due revisori indipendenti. Una volta che il tuo articolo \u00e8 stato accettato per la pubblicazione, verr\u00e0 messo in produzione. Saremo lieti di consigliarti in un incontro personale se \u00e8 necessario un workshop per autori.     <\/p>\n\n<script type=\"application\/ld+json\">{\n  \"@context\": \"https:\/\/schema.org\",\n  \"@type\": \"FAQPage\",\n  \"mainEntity\": [{\n    \"@type\": \"Question\",\n    \"name\": \"Wie erhalte ich Zugang zu Papieren in IEEE Xplore?\",\n    \"acceptedAnswer\": {\n      \"@type\": \"Answer\",\n      \"text\": \"Sie interessieren sich f\u00fcr Forschungsergebnisse und Fachliteratur und sind sich noch unsicher, ob IEEE Xplore die richtigen Inhalte f\u00fcr Sie liefert? Wir beraten Sie gerne, wie Sie erfolgreich an technisch-wissenschaftliche Fachinformationen gelangen, unterst\u00fctzen Sie beim Kauf von Lizenzen und garantieren schnellen Support im Bedarfsfall. Des Weiteren besteht die M\u00f6glichkeit einen Testzugang f\u00fcr IEEE Xplore zu erhalten \u2013 sprechen Sie uns an!\"\n    }\n  },{\n    \"@type\": \"Question\",\n    \"name\": \"Wie kann ich auf IEEE Xplore zugreifen?\",\n    \"acceptedAnswer\": {\n      \"@type\": \"Answer\",\n      \"text\": \"Grunds\u00e4tzlich kann jeder kostenlos im Verzeichnis der IEEE Xplore Datenbank recherchieren. M\u00f6chte man jedoch den Volltext lesen, wird eine Lizenzgeb\u00fchr f\u00e4llig, die mit einer Anmeldung einhergeht. Nach der Anmeldung haben Sie die Wahl zwischen verschiedenen Recherche- und Abonnementm\u00f6glichkeiten wie einem individuellen und einem institutionellen Abonnement oder einem Abonnement f\u00fcr IEEE Mitlieder. Gerne beraten wir Sie welche Rechercheoption f\u00fcr Sie die optimale L\u00f6sung ist.\"\n    }\n  },{\n    \"@type\": \"Question\",\n    \"name\": \"Wie k\u00f6nnen Sie IEEE Xplore optimal f\u00fcr Ihre Informationsbeschaffung nutzen?\",\n    \"acceptedAnswer\": {\n      \"@type\": \"Answer\",\n      \"text\": \"Als autorisierter Partner von IEEE im deutschsprachigen Raum, bieten wir Trainings und Schulungen im Umgang mit Datenbanken wie IEEE Xplore. Wir schulen Sie bei Ihnen vor Ort oder in Webinaren, wie Sie Datenbanken optimal und wirtschaftlich f\u00fcr die Informationsbeschaffung von technisch-wissenschaftlichen Fachinformationen nuten k\u00f6nnen. Standards And More steht Ihnen beratend und unterst\u00fctzend zur Seite und garantiert einen prompten Support im Bedarfsfall.\"\n    }\n  },{\n    \"@type\": \"Question\",\n    \"name\": \"Wie publiziere ich bei IEEE Xplore?\",\n    \"acceptedAnswer\": {\n      \"@type\": \"Answer\",\n      \"text\": \"M\u00f6chten Sie als Autor bei IEEE Xplore ver\u00f6ffentlichen? Sie k\u00f6nnen den Ver\u00f6ffentlichungsprozess ganz einfach online im IEEE Author Center abschlie\u00dfen. Es gibt verschiedene Videobeschreibungen und Authoring-Tools, mit denen Sie Forschungsergebnisse schneller und effektiver ver\u00f6ffentlichen k\u00f6nnen. Ihr Manuskript wird dann einer Peer-Review unterzogen, und jeder Artikel muss von mindestens zwei unabh\u00e4ngigen Gutachtern bewertet werden. Sobald Ihr Artikel zur Ver\u00f6ffentlichung angenommen wurde, wird er in Produktion gehen. Gerne beraten wir Sie in einem pers\u00f6nlichen Gespr\u00e4ch, ob ein Autorenworkshop n\u00f6tig ist.\"\n    }\n  }]\n}\n<\/script>\n\n<div class=\"wp-block-group alignfull has-white-color has-blue-background-color has-text-color has-background has-link-color wp-elements-eb6bb3f58c474a7ed23b1d9f23849b02 has-global-padding is-layout-constrained wp-block-group-is-layout-constrained\" style=\"margin-top:var(--wp--preset--spacing--60);margin-bottom:0\">\n<div class=\"wp-block-columns are-vertically-aligned-center is-layout-flex wp-container-core-columns-is-layout-28f84493 wp-block-columns-is-layout-flex\">\n<div class=\"wp-block-column is-vertically-aligned-center is-layout-flow wp-block-column-is-layout-flow\" style=\"flex-basis:66.66%\">\n<p class=\"has-extra-large-font-size\" style=\"text-transform:uppercase\" data-aos=\"fade-right\" data-aos-delay=\"50\" data-aos-duration=\"1000\" data-aos-once=\"true\"><em>Scopri subito di pi\u00f9 e assicurati un accesso di prova!<\/em><\/p>\n<\/div>\n\n\n\n<div class=\"wp-block-column is-vertically-aligned-center is-layout-flow wp-block-column-is-layout-flow\" style=\"flex-basis:33.33%\">\n<div class=\"wp-block-buttons is-layout-flex wp-block-buttons-is-layout-flex\" data-aos=\"flip-up\" data-aos-delay=\"250\" data-aos-duration=\"1000\" data-aos-once=\"true\">\n<div class=\"wp-block-button\"><a class=\"wp-block-button__link has-blue-color has-yellow-background-color has-text-color has-background has-link-color wp-element-button\" href=\"https:\/\/www.standardsandmore.com\/kontakt\/\">Prova semplicemente ora<\/a><\/div>\n<\/div>\n<\/div>\n<\/div>\n<\/div>\n\n<div class=\"wp-block-group alignfull has-lightgrey-background-color has-background has-global-padding is-layout-constrained wp-block-group-is-layout-constrained\" style=\"padding-top:var(--wp--preset--spacing--60);padding-bottom:var(--wp--preset--spacing--60)\">\n<h2 class=\"wp-block-heading\" data-aos=\"flip-up\" data-aos-delay=\"50\" data-aos-duration=\"1000\" data-aos-once=\"true\">Contributi sul tema IEEE<\/h2>\n\n\n\n<ul class=\"wp-block-list\">\n<li><a href=\"https:\/\/www.standardsandmore.com\/open-access-symposium-fuer-ieee-autoren-tipps-und-best-practices-fuer-ieee-veroeffentlichungen\/\">Simposio sull&#8217;accesso aperto per gli autori IEEE: suggerimenti e buone pratiche per le pubblicazioni IEEE<\/a><\/li>\n\n\n\n<li><a href=\"https:\/\/www.standardsandmore.com\/ieee-xplore-webinar-strategien-zur-personalisierung-ihrer-forschungserfahrung\/\">Webinar IEEE Xplore: Strategie per personalizzare la tua esperienza di ricerca<\/a><\/li>\n\n\n\n<li><a href=\"https:\/\/www.standardsandmore.com\/treffen-sie-uns-beim-vdi-kongress-fuer-elektronikexperten\/\">Incontraci al Congresso VDI per gli esperti di elettronica<\/a><\/li>\n\n\n\n<li><a href=\"https:\/\/www.standardsandmore.com\/best-practices-to-get-published-with-ieee\/\">Le migliori pratiche per essere pubblicati con IEEE<\/a><\/li>\n\n\n\n<li><a href=\"https:\/\/www.standardsandmore.com\/princeton-university-press-auf-ieee-xplore\/\">Princeton University Press su IEEE Xplore<\/a><\/li>\n<\/ul>\n<\/div>\n","protected":false},"excerpt":{"rendered":"<p>Biblioteca digitale IEEE XPlore \u00c8 la piattaforma di ricerca per tutte le pubblicazioni IEEE e i contenuti dei partner. La gamma spazia da riviste specializzate, documenti di conferenze e standard a serie di corsi eLearning ed eBook. Le licenze di prodotto basate sulle esigenze offrono sia quote di download che accesso illimitato. IEEE Xplore offre [&hellip;]<\/p>\n","protected":false},"author":1,"featured_media":1705,"parent":4921,"menu_order":30,"comment_status":"closed","ping_status":"closed","template":"","meta":{"_acf_changed":false,"footnotes":""},"class_list":["post-4910","page","type-page","status-publish","hentry"],"acf":[],"_links":{"self":[{"href":"https:\/\/www.standardsandmore.com\/it\/wp-json\/wp\/v2\/pages\/4910","targetHints":{"allow":["GET"]}}],"collection":[{"href":"https:\/\/www.standardsandmore.com\/it\/wp-json\/wp\/v2\/pages"}],"about":[{"href":"https:\/\/www.standardsandmore.com\/it\/wp-json\/wp\/v2\/types\/page"}],"author":[{"embeddable":true,"href":"https:\/\/www.standardsandmore.com\/it\/wp-json\/wp\/v2\/users\/1"}],"replies":[{"embeddable":true,"href":"https:\/\/www.standardsandmore.com\/it\/wp-json\/wp\/v2\/comments?post=4910"}],"version-history":[{"count":1,"href":"https:\/\/www.standardsandmore.com\/it\/wp-json\/wp\/v2\/pages\/4910\/revisions"}],"predecessor-version":[{"id":4913,"href":"https:\/\/www.standardsandmore.com\/it\/wp-json\/wp\/v2\/pages\/4910\/revisions\/4913"}],"up":[{"embeddable":true,"href":"https:\/\/www.standardsandmore.com\/it\/wp-json\/wp\/v2\/pages\/4921"}],"wp:featuredmedia":[{"embeddable":true,"href":"https:\/\/www.standardsandmore.com\/it\/wp-json\/wp\/v2\/media\/1705"}],"wp:attachment":[{"href":"https:\/\/www.standardsandmore.com\/it\/wp-json\/wp\/v2\/media?parent=4910"}],"curies":[{"name":"wp","href":"https:\/\/api.w.org\/{rel}","templated":true}]}}