{"id":4906,"date":"2021-05-21T10:04:28","date_gmt":"2021-05-21T08:04:28","guid":{"rendered":"https:\/\/www.standardsandmore.com\/iscrizione-allieee\/"},"modified":"2026-05-11T18:07:09","modified_gmt":"2026-05-11T16:07:09","slug":"iscrizione-allieee","status":"publish","type":"page","link":"https:\/\/www.standardsandmore.com\/it\/ieee\/iscrizione-allieee\/","title":{"rendered":"Iscrizione all&#8217;IEEE"},"content":{"rendered":"\n<div class=\"wp-block-cover alignfull is-light\" style=\"padding-top:var(--wp--preset--spacing--60);padding-bottom:var(--wp--preset--spacing--60);min-height:50vh;aspect-ratio:unset;\"><img loading=\"lazy\" decoding=\"async\" width=\"1200\" height=\"375\" class=\"wp-block-cover__image-background wp-image-4253 size-large\" alt=\"\" src=\"https:\/\/www.standardsandmore.com\/wp-content\/uploads\/IEEEIndesign-1200x375.jpg\" data-object-fit=\"cover\" srcset=\"https:\/\/www.standardsandmore.com\/wp-content\/uploads\/IEEEIndesign-1200x375.jpg 1200w, https:\/\/www.standardsandmore.com\/wp-content\/uploads\/IEEEIndesign-600x188.jpg 600w, https:\/\/www.standardsandmore.com\/wp-content\/uploads\/IEEEIndesign-300x94.jpg 300w, https:\/\/www.standardsandmore.com\/wp-content\/uploads\/IEEEIndesign-768x240.jpg 768w, https:\/\/www.standardsandmore.com\/wp-content\/uploads\/IEEEIndesign-1536x480.jpg 1536w, https:\/\/www.standardsandmore.com\/wp-content\/uploads\/IEEEIndesign.jpg 1920w\" sizes=\"auto, (max-width: 1200px) 100vw, 1200px\" \/><span aria-hidden=\"true\" class=\"wp-block-cover__background has-background-dim-20 has-background-dim\" style=\"background-color:#f1f3f4\"><\/span><div class=\"wp-block-cover__inner-container has-global-padding is-layout-constrained wp-block-cover-is-layout-constrained\">\n<div class=\"wp-block-columns is-layout-flex wp-container-core-columns-is-layout-28f84493 wp-block-columns-is-layout-flex\">\n<div class=\"wp-block-column has-black-color has-white-background-color has-text-color has-background has-link-color wp-elements-a5eb625fea5038dee69a8fe9598f7d64 is-layout-flow wp-block-column-is-layout-flow\" style=\"padding-top:var(--wp--preset--spacing--20);padding-right:var(--wp--preset--spacing--40);padding-bottom:var(--wp--preset--spacing--20);padding-left:var(--wp--preset--spacing--40);flex-basis:66.66%\" data-aos=\"fade-left\" data-aos-delay=\"50\" data-aos-duration=\"1000\" data-aos-once=\"true\">\n<h1 class=\"wp-block-heading has-blue-color has-text-color has-link-color wp-elements-978e61adbfbe88ea29fdbfb8b396053e\">Iscrizione all&#8217;IEEE<\/h1>\n\n\n\n<p>I soci IEEE formano una comunit\u00e0 di oltre 460.000 professionisti della tecnologia e dell&#8217;ingegneria. Sono uniti dall&#8217;obiettivo comune di imparare, condividere, collaborare e sviluppare soluzioni innovative. <\/p>\n\n\n\n<div class=\"wp-block-buttons is-layout-flex wp-block-buttons-is-layout-flex\">\n<div class=\"wp-block-button\"><a class=\"wp-block-button__link has-white-color has-blue-background-color has-text-color has-background has-link-color wp-element-button\" href=\"https:\/\/www.standardsandmore.com\/kontakt\/\">Contattaci<\/a><\/div>\n<\/div>\n<\/div>\n\n\n\n<div class=\"wp-block-column is-layout-flow wp-block-column-is-layout-flow\" style=\"flex-basis:33.33%\"><\/div>\n<\/div>\n<\/div><\/div>\n\n<div class=\"wp-block-columns is-layout-flex wp-container-core-columns-is-layout-bcb58c4c wp-block-columns-is-layout-flex\" style=\"margin-top:var(--wp--preset--spacing--80);margin-bottom:var(--wp--preset--spacing--80)\">\n<div class=\"wp-block-column is-layout-flow wp-block-column-is-layout-flow\">\n<h2 class=\"wp-block-heading\">Comunit\u00e0 IEEE<\/h2>\n\n\n\n<p>L&#8217;IEEE \u00e8 riconosciuta come la pi\u00f9 grande societ\u00e0 tecnica del mondo, rappresentata in oltre 160 paesi. L&#8217;iscrizione all&#8217;IEEE ti offre le risorse e le opportunit\u00e0 di cui hai bisogno per imparare, innovare e stare al passo con i cambiamenti tecnici. Entra in contatto con professionisti della tecnologia e dell&#8217;ingegneria specializzati nei tuoi interessi tecnici e partecipa allo sviluppo degli standard!  <\/p>\n<\/div>\n<\/div>\n\n<div class=\"wp-block-group alignfull has-global-padding is-layout-constrained wp-block-group-is-layout-constrained\">\n<div class=\"wp-block-media-text is-stacked-on-mobile is-image-fill-element\" style=\"margin-top:var(--wp--preset--spacing--60);margin-bottom:var(--wp--preset--spacing--60)\" data-aos=\"fade-left\" data-aos-delay=\"50\" data-aos-duration=\"1000\" data-aos-once=\"true\"><figure class=\"wp-block-media-text__media\"><img loading=\"lazy\" decoding=\"async\" width=\"1200\" height=\"219\" src=\"https:\/\/www.standardsandmore.com\/wp-content\/uploads\/startslider03-komp-1200x219.jpg\" alt=\"\" class=\"wp-image-1437 size-full\" style=\"object-position:50% 50%\" srcset=\"https:\/\/www.standardsandmore.com\/wp-content\/uploads\/startslider03-komp-1200x219.jpg 1200w, https:\/\/www.standardsandmore.com\/wp-content\/uploads\/startslider03-komp-600x109.jpg 600w, https:\/\/www.standardsandmore.com\/wp-content\/uploads\/startslider03-komp-300x55.jpg 300w, https:\/\/www.standardsandmore.com\/wp-content\/uploads\/startslider03-komp-768x140.jpg 768w, https:\/\/www.standardsandmore.com\/wp-content\/uploads\/startslider03-komp-1536x280.jpg 1536w, https:\/\/www.standardsandmore.com\/wp-content\/uploads\/startslider03-komp.jpg 1920w\" sizes=\"auto, (max-width: 1200px) 100vw, 1200px\" \/><\/figure><div class=\"wp-block-media-text__content\">\n<p><strong>L&#8217;iscrizione all&#8217;IEEE include i seguenti vantaggi:<\/strong><\/p>\n\n\n\n<ul class=\"wp-block-list\">\n<li>Abbonamento alla rivista IEEE Spectrum<\/li>\n\n\n\n<li>Abbonamento L&#8217;Istituto<\/li>\n\n\n\n<li>Accesso elettronico a IEEE Potentials<\/li>\n\n\n\n<li>Accesso elettronico a IEEE Collabratec<\/li>\n\n\n\n<li>Inclusione nell&#8217;elenco dei soci IEEE<\/li>\n\n\n\n<li>Programmazione IEEE.tv<\/li>\n\n\n\n<li>un account e-mail esclusivo da ieee.org<\/li>\n\n\n\n<li>Sconti su prodotti e servizi<\/li>\n\n\n\n<li>Formazione continua<\/li>\n\n\n\n<li>Opportunit\u00e0 filantropiche<\/li>\n\n\n\n<li>e molto altro ancora.<\/li>\n<\/ul>\n\n\n\n<p>In qualit\u00e0 di rappresentante autorizzato dell&#8217;IEEE nei paesi di lingua tedesca, offriamo formazione e supporto nell&#8217;utilizzo dei database, sia in loco che tramite webinar. Ti consigliamo e ti supportiamo nella scelta e nell&#8217;acquisto dei contenuti, nei contratti di licenza e ti garantiamo un&#8217;assistenza rapida se necessario! <\/p>\n<\/div><\/div>\n\n\n\n<div class=\"wp-block-columns alignfull has-white-color has-blue-turquoise-hard-gradient-background has-text-color has-background has-link-color wp-elements-278a384b9d5027fe3e143969349a22c0 is-layout-flex wp-container-core-columns-is-layout-4f15bf30 wp-block-columns-is-layout-flex\" style=\"margin-top:var(--wp--preset--spacing--60);margin-bottom:0;padding-top:var(--wp--preset--spacing--60);padding-bottom:var(--wp--preset--spacing--60)\">\n<div class=\"wp-block-column is-vertically-aligned-bottom is-layout-flow wp-block-column-is-layout-flow\">\n<p class=\"has-text-align-right has-extra-large-font-size\" style=\"text-transform:uppercase\" data-aos=\"fade-right\" data-aos-delay=\"50\" data-aos-duration=\"1000\" data-aos-once=\"true\"><em>Timo Kandler<\/em><\/p>\n\n\n\n<p class=\"has-text-align-right\"><strong><a href=\"tel:+498925544820\">+49 89 2 55 44 82 -0<\/a><br\/><a href=\"mailto:timo.kandler@standardsandmore.com\">E-mail a Timo Kandler<\/a><\/strong><\/p>\n<\/div>\n\n\n\n<div class=\"wp-block-column is-vertically-aligned-center is-layout-flow wp-block-column-is-layout-flow\">\n<figure class=\"wp-block-image aligncenter size-full is-resized has-custom-border is-style-rounded\"><img loading=\"lazy\" decoding=\"async\" width=\"310\" height=\"400\" src=\"https:\/\/www.standardsandmore.com\/wp-content\/uploads\/SAM_TimoKandler.jpg\" alt=\"Timo Kandler, Amministratore delegato\" class=\"wp-image-1144\" style=\"border-radius:100%;aspect-ratio:1;object-fit:cover;width:250px\" srcset=\"https:\/\/www.standardsandmore.com\/wp-content\/uploads\/SAM_TimoKandler.jpg 310w, https:\/\/www.standardsandmore.com\/wp-content\/uploads\/SAM_TimoKandler-233x300.jpg 233w\" sizes=\"auto, (max-width: 310px) 100vw, 310px\" \/><\/figure>\n<\/div>\n\n\n\n<div class=\"wp-block-column is-layout-flow wp-block-column-is-layout-flow\">\n<p class=\"has-black-color has-text-color has-link-color has-extra-extra-large-font-size wp-elements-14b4003d9e8eb59f7b95d9d55b38ad49\" data-aos=\"fade-left\" data-aos-delay=\"50\" data-aos-duration=\"1000\" data-aos-once=\"true\">Diventa membro ora<\/p>\n\n\n\n<p class=\"has-black-color has-text-color has-link-color wp-elements-b9f8fc99388bde2f3ed8deecc22f0ba2\">Unisciti alla pi\u00f9 grande rete di professionisti della tecnologia e dell&#8217;ingegneria del mondo! Con l&#8217;iscrizione all&#8217;IEEE avrai accesso a risorse esclusive, opportunit\u00e0 formative ed eventi di networking unici per far progredire la tua carriera e promuovere l&#8217;innovazione. <\/p>\n\n\n\n<div class=\"wp-block-buttons is-layout-flex wp-block-buttons-is-layout-flex\" data-aos=\"flip-up\" data-aos-delay=\"250\" data-aos-duration=\"1000\" data-aos-once=\"true\">\n<div class=\"wp-block-button\"><a class=\"wp-block-button__link has-blue-color has-yellow-background-color has-text-color has-background has-link-color wp-element-button\" href=\"https:\/\/www.standardsandmore.com\/kontakt\/\">Prova ora<\/a><\/div>\n<\/div>\n<\/div>\n<\/div>\n<\/div>\n\n<h2 class=\"wp-block-heading\">Domande frequenti<\/h2>\n\n<h3 class=\"wp-block-heading\">Come posso ottenere l&#8217;iscrizione all&#8217;IEEE?<\/h3>\n\n<p>Hai la possibilit\u00e0 di ottenere l&#8217;iscrizione all&#8217;IEEE come professionista o come studente.<\/p>\n\n<p>L&#8217;iscrizione professionale richiede competenze in un campo designato dall&#8217;IEEE: Ingegneria, Informatica e Tecnologia dell&#8217;Informazione, Scienze Fisiche, Scienze Biologiche e Mediche, Matematica, Comunicazione Tecnica, Educazione, Management, Diritto e Politica.<\/p>\n\n<p>Come studente, devi completare almeno il 50% del normale programma accademico a tempo pieno come studente universitario o laureato iscritto a un regolare corso di laurea. Per ottenere l&#8217;iscrizione all&#8217;IEEE, il tuo corso di laurea deve essere completato in un&#8217;area definita dall&#8217;IEEE. Molte universit\u00e0 offrono agli studenti le cosiddette filiali studentesche. Questo offre agli studenti condizioni pi\u00f9 favorevoli.   <\/p>\n\n<h3 class=\"wp-block-heading\">Quali sono i vantaggi dell&#8217;iscrizione all&#8217;IEEE?<\/h3>\n\n<p>Il pi\u00f9 grande vantaggio dell&#8217;iscrizione all&#8217;IEEE \u00e8 l&#8217;opportunit\u00e0 di fare rete professionale. Ricevi contatti da esperti e specialisti che lavorano nello stesso ambiente di ricerca. Ci sono anche opportunit\u00e0 di formazione continua, partecipazione a conferenze, sconti su prodotti e servizi e accesso gratuito ad alcune riviste e pubblicazioni. Potrai conoscere nuovi colleghi e trovare risorse che ti aiuteranno a fare carriera.   <\/p>\n\n<h3 class=\"wp-block-heading\">L&#8217;iscrizione all&#8217;IEEE \u00e8 utile?<\/h3>\n\n<p>IEEE dispone di una rete impareggiabile di esperti, professionisti e consulenti. L&#8217;iscrizione a IEEE ti d\u00e0 l&#8217;opportunit\u00e0 di fare rete con membri specializzati nei tuoi interessi tecnici. L&#8217;iscrizione a IEEE apre le porte al tuo sviluppo professionale e ti fornisce le risorse necessarie per acquisire nuove competenze in determinate aree: Ingegneria, Informatica e Tecnologia dell&#8217;Informazione, Scienze Fisiche, Scienze Biologiche e Mediche, Matematica, Comunicazione Tecnica, Istruzione, Management, Diritto e Politica.  <\/p>\n\n<script type=\"application\/ld+json\">\n{\n  \"@context\": \"https:\/\/schema.org\",\n  \"@type\": \"FAQPage\",\n  \"mainEntity\": [{\n    \"@type\": \"Question\",\n    \"name\": \"Wie bekomme ich eine IEEE membership\/Mitgliedschaft?\",\n    \"acceptedAnswer\": {\n      \"@type\": \"Answer\",\n      \"text\": \"Sie haben die M\u00f6glichkeit eine IEEE Mitgliedschaft als Profi oder als Student zu erhalten.\n<p>Die berufliche Mitgliedschaft setzt Kompetenzen in einem von der IEEE ausgewiesenen Bereich voraus: Ingenieurwesen, Informatik und Informationstechnologie, Physikalische Wissenschaften, Biologische und Medizinische Wissenschaften, Mathematik, Technische Kommunikation, Bildung, Management sowie Recht und Politik.\n<p>Als Student m\u00fcssen Sie mindestens 50% des normalen akademischen Vollzeitprogramms als registrierter Student oder Doktorand in einem regul\u00e4ren Studiengang absolvieren. Um eine studentische Mitgliedschaft beim IEEE zu erhalten, muss Ihr Studiengang in einem IEEE-definierten Bereich absolviert werden. F\u00fcr Studenten bieten viele Universit\u00e4ten sogenannte Student Branches an. Dadurch erhalten Studenten g\u00fcnstigere Konditionen.\"\n    }\n  },{\n    \"@type\": \"Question\",\n    \"name\": \"Was sind die Vorteile einer IEEE Membership?\",\n    \"acceptedAnswer\": {\n      \"@type\": \"Answer\",\n      \"text\": \"Der gr\u00f6\u00dfte Vorteil einer IEEE Membership ist die M\u00f6glichkeit des Professional Networkings. Sie erhalten Kontakte von Experten und Fachleuten, die im gleichen Forschungsumfeld t\u00e4tig sind. Au\u00dferdem besteht die M\u00f6glichkeit der Weiterbildung, die Teilnahme an Konferenzen, Rabatte auf Produkte und Dienstleistungen sowie kostenlosen Zugang zu vereinzelten Fachzeitschriften und Publikationen. Sie k\u00f6nnen neue Kollegen kennenlernen und Ressourcen finden, die Ihnen helfen, Ihre Karriere voranzutreiben.\"\n    }\n  },{\n    \"@type\": \"Question\",\n    \"name\": \"Lohnt sich die IEEE Mitgliedschaft?\",\n    \"acceptedAnswer\": {\n      \"@type\": \"Answer\",\n      \"text\": \"IEEE verf\u00fcgt \u00fcber ein konkurrenzloses Netzwerk von Experten, Fachleuten und Beratern. Sie erhalten durch eine IEEE Mitgliedschaft die M\u00f6glichkeit sich mit den Mitgliedern zu vernetzten, die sich auf Ihre technischen Interessen spezialisiert haben. Eine IEEE Mitgliedschaft \u00f6ffnet T\u00fcren in Bezug auf Ihre berufliche Entwicklung und bietet die n\u00f6tigen Ressourcen zum Erwerb neuer Kompetenzen in den ausgewiesenen Bereichen: Ingenieurwesen, Informatik und Informationstechnologie, Physikalische Wissenschaften, Biologische und Medizinische Wissenschaften, Mathematik, Technische Kommunikation, Bildung, Management sowie Recht und Politik.\"\n    }\n  }]\n}\n<!-- wpml:html_fragment <\/script>  -->\n\n<div class=\"wp-block-group alignfull has-white-color has-blue-background-color has-text-color has-background has-link-color wp-elements-c98b94f220cf8cb1e43b30444f0e2faf has-global-padding is-layout-constrained wp-block-group-is-layout-constrained\" style=\"margin-top:var(--wp--preset--spacing--60);margin-bottom:0\">\n<div class=\"wp-block-columns are-vertically-aligned-center is-layout-flex wp-container-core-columns-is-layout-28f84493 wp-block-columns-is-layout-flex\">\n<div class=\"wp-block-column is-vertically-aligned-center is-layout-flow wp-block-column-is-layout-flow\" style=\"flex-basis:66.66%\">\n<p class=\"has-extra-large-font-size\" style=\"text-transform:uppercase\" data-aos=\"fade-right\" data-aos-delay=\"50\" data-aos-duration=\"1000\" data-aos-once=\"true\"><em>Diventa membro oggi stesso!<\/em><\/p>\n<\/div>\n\n\n\n<div class=\"wp-block-column is-vertically-aligned-center is-layout-flow wp-block-column-is-layout-flow\" style=\"flex-basis:33.33%\">\n<div class=\"wp-block-buttons is-layout-flex wp-block-buttons-is-layout-flex\" data-aos=\"flip-up\" data-aos-delay=\"250\" data-aos-duration=\"1000\" data-aos-once=\"true\">\n<div class=\"wp-block-button\"><a class=\"wp-block-button__link has-blue-color has-yellow-background-color has-text-color has-background has-link-color wp-element-button\" href=\"https:\/\/www.standardsandmore.com\/kontakt\/\">Mettiti in contatto con noi<\/a><\/div>\n<\/div>\n<\/div>\n<\/div>\n<\/div>\n\n<div class=\"wp-block-group alignfull has-lightgrey-background-color has-background has-global-padding is-layout-constrained wp-block-group-is-layout-constrained\" style=\"padding-top:var(--wp--preset--spacing--60);padding-bottom:var(--wp--preset--spacing--60)\">\n<h2 class=\"wp-block-heading\" data-aos=\"flip-up\" data-aos-delay=\"50\" data-aos-duration=\"1000\" data-aos-once=\"true\">Contributi sul tema IEEE<\/h2>\n\n\n\n<ul class=\"wp-block-list\">\n<li><a href=\"https:\/\/www.standardsandmore.com\/open-access-symposium-fuer-ieee-autoren-tipps-und-best-practices-fuer-ieee-veroeffentlichungen\/\">Simposio sull'accesso aperto per gli autori IEEE: suggerimenti e buone pratiche per le pubblicazioni IEEE<\/a><\/li>\n\n\n\n<li><a href=\"https:\/\/www.standardsandmore.com\/ieee-xplore-webinar-strategien-zur-personalisierung-ihrer-forschungserfahrung\/\">Webinar IEEE Xplore: Strategie per personalizzare la tua esperienza di ricerca<\/a><\/li>\n\n\n\n<li><a href=\"https:\/\/www.standardsandmore.com\/treffen-sie-uns-beim-vdi-kongress-fuer-elektronikexperten\/\">Incontraci al Congresso VDI per gli esperti di elettronica<\/a><\/li>\n\n\n\n<li><a href=\"https:\/\/www.standardsandmore.com\/best-practices-to-get-published-with-ieee\/\">Le migliori pratiche per essere pubblicati con IEEE<\/a><\/li>\n\n\n\n<li><a href=\"https:\/\/www.standardsandmore.com\/princeton-university-press-auf-ieee-xplore\/\">Princeton University Press su IEEE Xplore<\/a><\/li>\n<\/ul>\n<\/div>\n","protected":false},"excerpt":{"rendered":"<p>Comunit\u00e0 IEEE L&#8217;IEEE \u00e8 riconosciuta come la pi\u00f9 grande societ\u00e0 tecnica del mondo, rappresentata in oltre 160 paesi. L&#8217;iscrizione all&#8217;IEEE ti offre le risorse e le opportunit\u00e0 di cui hai bisogno per imparare, innovare e stare al passo con i cambiamenti tecnici. Entra in contatto con professionisti della tecnologia e dell&#8217;ingegneria specializzati nei tuoi interessi [&hellip;]<\/p>\n","protected":false},"author":1,"featured_media":1705,"parent":4921,"menu_order":20,"comment_status":"closed","ping_status":"closed","template":"","meta":{"_acf_changed":false,"footnotes":""},"class_list":["post-4906","page","type-page","status-publish","hentry"],"acf":[],"_links":{"self":[{"href":"https:\/\/www.standardsandmore.com\/it\/wp-json\/wp\/v2\/pages\/4906","targetHints":{"allow":["GET"]}}],"collection":[{"href":"https:\/\/www.standardsandmore.com\/it\/wp-json\/wp\/v2\/pages"}],"about":[{"href":"https:\/\/www.standardsandmore.com\/it\/wp-json\/wp\/v2\/types\/page"}],"author":[{"embeddable":true,"href":"https:\/\/www.standardsandmore.com\/it\/wp-json\/wp\/v2\/users\/1"}],"replies":[{"embeddable":true,"href":"https:\/\/www.standardsandmore.com\/it\/wp-json\/wp\/v2\/comments?post=4906"}],"version-history":[{"count":1,"href":"https:\/\/www.standardsandmore.com\/it\/wp-json\/wp\/v2\/pages\/4906\/revisions"}],"predecessor-version":[{"id":4909,"href":"https:\/\/www.standardsandmore.com\/it\/wp-json\/wp\/v2\/pages\/4906\/revisions\/4909"}],"up":[{"embeddable":true,"href":"https:\/\/www.standardsandmore.com\/it\/wp-json\/wp\/v2\/pages\/4921"}],"wp:featuredmedia":[{"embeddable":true,"href":"https:\/\/www.standardsandmore.com\/it\/wp-json\/wp\/v2\/media\/1705"}],"wp:attachment":[{"href":"https:\/\/www.standardsandmore.com\/it\/wp-json\/wp\/v2\/media?parent=4906"}],"curies":[{"name":"wp","href":"https:\/\/api.w.org\/{rel}","templated":true}]}}