{"id":4901,"date":"2021-05-21T10:00:13","date_gmt":"2021-05-21T08:00:13","guid":{"rendered":"https:\/\/www.standardsandmore.com\/documenti-ieee\/"},"modified":"2026-05-11T18:07:09","modified_gmt":"2026-05-11T16:07:09","slug":"documenti-ieee","status":"publish","type":"page","link":"https:\/\/www.standardsandmore.com\/it\/ieee\/documenti-ieee\/","title":{"rendered":"Documenti IEEE"},"content":{"rendered":"\n<div class=\"wp-block-cover alignfull is-light\" style=\"padding-top:var(--wp--preset--spacing--60);padding-bottom:var(--wp--preset--spacing--60);min-height:50vh;aspect-ratio:unset;\"><img loading=\"lazy\" decoding=\"async\" width=\"1200\" height=\"375\" class=\"wp-block-cover__image-background wp-image-4253 size-large\" alt=\"\" src=\"https:\/\/www.standardsandmore.com\/wp-content\/uploads\/IEEEIndesign-1200x375.jpg\" data-object-fit=\"cover\" srcset=\"https:\/\/www.standardsandmore.com\/wp-content\/uploads\/IEEEIndesign-1200x375.jpg 1200w, https:\/\/www.standardsandmore.com\/wp-content\/uploads\/IEEEIndesign-600x188.jpg 600w, https:\/\/www.standardsandmore.com\/wp-content\/uploads\/IEEEIndesign-300x94.jpg 300w, https:\/\/www.standardsandmore.com\/wp-content\/uploads\/IEEEIndesign-768x240.jpg 768w, https:\/\/www.standardsandmore.com\/wp-content\/uploads\/IEEEIndesign-1536x480.jpg 1536w, https:\/\/www.standardsandmore.com\/wp-content\/uploads\/IEEEIndesign.jpg 1920w\" sizes=\"auto, (max-width: 1200px) 100vw, 1200px\" \/><span aria-hidden=\"true\" class=\"wp-block-cover__background has-background-dim-20 has-background-dim\" style=\"background-color:#f1f3f4\"><\/span><div class=\"wp-block-cover__inner-container has-global-padding is-layout-constrained wp-block-cover-is-layout-constrained\">\n<div class=\"wp-block-columns is-layout-flex wp-container-core-columns-is-layout-28f84493 wp-block-columns-is-layout-flex\">\n<div class=\"wp-block-column has-black-color has-white-background-color has-text-color has-background has-link-color wp-elements-00ee40e21c80136a3c1f21d4792bdddf is-layout-flow wp-block-column-is-layout-flow\" style=\"padding-top:var(--wp--preset--spacing--20);padding-right:var(--wp--preset--spacing--40);padding-bottom:var(--wp--preset--spacing--20);padding-left:var(--wp--preset--spacing--40);flex-basis:66.66%\" data-aos=\"fade-left\" data-aos-delay=\"50\" data-aos-duration=\"1000\" data-aos-once=\"true\">\n<h1 class=\"wp-block-heading has-blue-color has-text-color has-link-color wp-elements-8e911722a9b849fa2de82d7ecce15b20\">Documenti IEEE<\/h1>\n\n\n\n<p>IEEE Papers \u00e8 rivolto a ingegneri, studenti, ricercatori e sviluppatori che desiderano pubblicare o leggere articoli tecnici. Gli interessati hanno anche l&#8217;opportunit\u00e0 di consultare i documenti delle conferenze o i contributi dei partner. Il database IEEE \u00e8 costantemente aggiornato e risale al 1988, in alcuni casi addirittura al 1950.  <\/p>\n\n\n\n<div class=\"wp-block-buttons is-layout-flex wp-block-buttons-is-layout-flex\">\n<div class=\"wp-block-button\"><a class=\"wp-block-button__link has-white-color has-blue-background-color has-text-color has-background has-link-color wp-element-button\" href=\"https:\/\/www.standardsandmore.com\/kontakt\/\">Contattaci<\/a><\/div>\n<\/div>\n<\/div>\n\n\n\n<div class=\"wp-block-column is-layout-flow wp-block-column-is-layout-flow\" style=\"flex-basis:33.33%\"><\/div>\n<\/div>\n<\/div><\/div>\n\n<div class=\"wp-block-group alignfull has-global-padding is-layout-constrained wp-block-group-is-layout-constrained\">\n<p><\/p>\n\n\n\n<h2 class=\"wp-block-heading\" data-aos=\"flip-up\" data-aos-delay=\"50\" data-aos-duration=\"1000\" data-aos-once=\"true\">Documenti IEEE Ricerca<\/h2>\n\n\n\n<p>In qualit\u00e0 di partner autorizzato di IEEE nei paesi di lingua tedesca, offriamo formazione e supporto nell&#8217;utilizzo dei database e nella ricerca di articoli IEEE. Offriamo i nostri corsi di formazione individualmente presso il tuo ufficio o in seminari web. Standards And More (SAM) \u00e8 il tuo contatto locale quando si tratta di reperire informazioni tecniche e scientifiche specializzate! Ti consigliamo e ti assistiamo nella scelta e nell&#8217;acquisto dei contenuti, nei contratti di licenza e ti garantiamo un supporto rapido se necessario.   <\/p>\n\n\n\n<div class=\"wp-block-media-text is-stacked-on-mobile is-image-fill-element\" style=\"margin-top:var(--wp--preset--spacing--60);margin-bottom:var(--wp--preset--spacing--60)\" data-aos=\"fade-left\" data-aos-delay=\"50\" data-aos-duration=\"1000\" data-aos-once=\"true\"><figure class=\"wp-block-media-text__media\"><img loading=\"lazy\" decoding=\"async\" width=\"1200\" height=\"219\" src=\"https:\/\/www.standardsandmore.com\/wp-content\/uploads\/startslider03-komp-1200x219.jpg\" alt=\"\" class=\"wp-image-1437 size-full\" style=\"object-position:50% 50%\" srcset=\"https:\/\/www.standardsandmore.com\/wp-content\/uploads\/startslider03-komp-1200x219.jpg 1200w, https:\/\/www.standardsandmore.com\/wp-content\/uploads\/startslider03-komp-600x109.jpg 600w, https:\/\/www.standardsandmore.com\/wp-content\/uploads\/startslider03-komp-300x55.jpg 300w, https:\/\/www.standardsandmore.com\/wp-content\/uploads\/startslider03-komp-768x140.jpg 768w, https:\/\/www.standardsandmore.com\/wp-content\/uploads\/startslider03-komp-1536x280.jpg 1536w, https:\/\/www.standardsandmore.com\/wp-content\/uploads\/startslider03-komp.jpg 1920w\" sizes=\"auto, (max-width: 1200px) 100vw, 1200px\" \/><\/figure><div class=\"wp-block-media-text__content\">\n<h2 class=\"wp-block-heading\">Articoli IEEE come autore<\/h2>\n\n\n\n<p>Vuoi pubblicare come autore con IEEE? Nel Centro Autori IEEE puoi completare facilmente il processo di pubblicazione online. Sono disponibili diversi video tutorial e strumenti per gli autori che ti aiutano a pubblicare i risultati delle tue ricerche in modo pi\u00f9 rapido ed efficiente.  <\/p>\n\n\n\n<p>Il tuo articolo sar\u00e0 poi sottoposto a una peer review, in cui ogni articolo viene valutato da almeno due revisori indipendenti. Non appena il tuo articolo viene accettato per la pubblicazione, viene messo in produzione. <\/p>\n\n\n\n<p>Saremo lieti di consigliarti in un incontro personale se un workshop per autori \u00e8 adatto a te: contattaci!<\/p>\n<\/div><\/div>\n\n\n\n<div class=\"wp-block-columns alignfull has-white-color has-blue-turquoise-hard-gradient-background has-text-color has-background has-link-color wp-elements-3218bf16e2f4a61b98a2aa924c845708 is-layout-flex wp-container-core-columns-is-layout-4f15bf30 wp-block-columns-is-layout-flex\" style=\"margin-top:var(--wp--preset--spacing--60);margin-bottom:0;padding-top:var(--wp--preset--spacing--60);padding-bottom:var(--wp--preset--spacing--60)\">\n<div class=\"wp-block-column is-vertically-aligned-bottom is-layout-flow wp-block-column-is-layout-flow\">\n<p class=\"has-text-align-right has-extra-large-font-size\" style=\"text-transform:uppercase\" data-aos=\"fade-right\" data-aos-delay=\"50\" data-aos-duration=\"1000\" data-aos-once=\"true\"><em>Timo Kandler<\/em><\/p>\n\n\n\n<p class=\"has-text-align-right\"><strong><a href=\"tel:+498925544820\">+49 89 2 55 44 82 -0<\/a><br\/><a href=\"mailto:timo.kandler@standardsandmore.com\">E-mail a Timo Kandler<\/a><\/strong><\/p>\n<\/div>\n\n\n\n<div class=\"wp-block-column is-vertically-aligned-center is-layout-flow wp-block-column-is-layout-flow\">\n<figure class=\"wp-block-image aligncenter size-full is-resized has-custom-border is-style-rounded\"><img loading=\"lazy\" decoding=\"async\" width=\"310\" height=\"400\" src=\"https:\/\/www.standardsandmore.com\/wp-content\/uploads\/SAM_TimoKandler.jpg\" alt=\"Timo Kandler, Amministratore delegato  \" class=\"wp-image-1144\" style=\"border-radius:100%;aspect-ratio:1;object-fit:cover;width:250px\" srcset=\"https:\/\/www.standardsandmore.com\/wp-content\/uploads\/SAM_TimoKandler.jpg 310w, https:\/\/www.standardsandmore.com\/wp-content\/uploads\/SAM_TimoKandler-233x300.jpg 233w\" sizes=\"auto, (max-width: 310px) 100vw, 310px\" \/><\/figure>\n<\/div>\n\n\n\n<div class=\"wp-block-column is-layout-flow wp-block-column-is-layout-flow\">\n<p class=\"has-black-color has-text-color has-link-color has-extra-extra-large-font-size wp-elements-cca75a4e046ae72d5729c5343dae2d97\" data-aos=\"fade-left\" data-aos-delay=\"50\" data-aos-duration=\"1000\" data-aos-once=\"true\">Accedi ora<\/p>\n\n\n\n<p class=\"has-black-color has-text-color has-link-color wp-elements-84d6eb9676977d829194e8918ba6e98b\">Approfitta delle risorse complete di IEEE Papers per le tue ricerche e pubblicazioni. Ottieni l&#8217;accesso agli articoli tecnici pi\u00f9 recenti, ai documenti delle conferenze e ai contenuti dei partner, con il supporto di formazione e consulenza individuale per il successo della tua ricerca. <\/p>\n\n\n\n<div class=\"wp-block-buttons is-layout-flex wp-block-buttons-is-layout-flex\" data-aos=\"flip-up\" data-aos-delay=\"250\" data-aos-duration=\"1000\" data-aos-once=\"true\">\n<div class=\"wp-block-button\"><a class=\"wp-block-button__link has-blue-color has-yellow-background-color has-text-color has-background has-link-color wp-element-button\" href=\"https:\/\/www.standardsandmore.com\/kontakt\/\">Prova ora<\/a><\/div>\n<\/div>\n<\/div>\n<\/div>\n\n\n\n<div class=\"wp-block-group alignfull has-lightgrey-background-color has-background has-global-padding is-layout-constrained wp-block-group-is-layout-constrained\" style=\"padding-top:var(--wp--preset--spacing--60);padding-bottom:var(--wp--preset--spacing--60)\">\n<h2 class=\"wp-block-heading\" data-aos=\"flip-up\" data-aos-delay=\"50\" data-aos-duration=\"1000\" data-aos-once=\"true\">Altri argomenti su IEEE:<\/h2>\n\n\n\n<div class=\"wp-block-columns is-layout-flex wp-container-core-columns-is-layout-7255d826 wp-block-columns-is-layout-flex\" style=\"margin-top:var(--wp--preset--spacing--40);margin-bottom:var(--wp--preset--spacing--40)\">\n<div class=\"wp-block-column is-layout-flow wp-block-column-is-layout-flow\" style=\"border-bottom-color:var(--wp--preset--color--blue);border-bottom-width:1px\">\n<p class=\"arr has-large-font-size\"><a href=\"#\"><strong><em>Documenti IEEE<\/em><\/strong><\/a><\/p>\n<\/div>\n\n\n\n<div class=\"wp-block-column is-layout-flow wp-block-column-is-layout-flow\" style=\"border-bottom-color:var(--wp--preset--color--blue);border-bottom-width:1px\">\n<p class=\"arr has-large-font-size\"><a href=\"#\"><strong><em>Iscrizione all&#8217;IEEE<\/em><\/strong><\/a><\/p>\n<\/div>\n<\/div>\n\n\n\n<div class=\"wp-block-columns is-layout-flex wp-container-core-columns-is-layout-7255d826 wp-block-columns-is-layout-flex\" style=\"margin-top:var(--wp--preset--spacing--40);margin-bottom:var(--wp--preset--spacing--40)\">\n<div class=\"wp-block-column is-layout-flow wp-block-column-is-layout-flow\" style=\"border-bottom-color:var(--wp--preset--color--blue);border-bottom-width:1px\">\n<p class=\"arr has-large-font-size\"><a href=\"#\"><strong><em>IEEE Xplore<\/em><\/strong><\/a><\/p>\n<\/div>\n\n\n\n<div class=\"wp-block-column is-layout-flow wp-block-column-is-layout-flow\" style=\"border-bottom-color:var(--wp--preset--color--blue);border-bottom-width:1px\">\n<p class=\"arr has-large-font-size\"><a href=\"#\"><strong><em>Accesso IEEE<\/em><\/strong><\/a><\/p>\n<\/div>\n<\/div>\n<\/div>\n<\/div>\n\n<h2 class=\"wp-block-heading\">Domande frequenti<\/h2>\n\n<h3 class=\"wp-block-heading\">Ci sono costi per scaricare i documenti IEEE?<\/h3>\n\n<p>I documenti IEEE possono essere ricercati gratuitamente sulla piattaforma IEEE Xplore. Tuttavia, se vuoi leggere l&#8217;articolo completo, devi pagare una licenza. In qualit\u00e0 di socio IEEE, hai a disposizione un certo numero di download gratuiti. Gli studenti di solito ricevono sconti o accesso gratuito attraverso la loro universit\u00e0.   <\/p>\n\n<p>Con cos\u00ec tante opzioni di ricerca e abbonamento, \u00e8 facile perdere il filo! Saremo lieti di consigliarti su ricerche economiche e di successo. <\/p>\n\n<h3 class=\"wp-block-heading\">Quanto costa pubblicare su IEEE Papers come autore?<\/h3>\n\n<p>In qualit\u00e0 di autore, hai la possibilit\u00e0 di pubblicare gratuitamente con IEEE Papers o di pubblicare il tuo articolo scientifico &#8220;Open Access&#8221;. Una pubblicazione ad accesso aperto con IEEE Papers aumenta la visibilit\u00e0 e la reperibilit\u00e0 dei risultati della tua ricerca scientifica e di conseguenza aumenta la frequenza di citazione della pubblicazione. Puoi scoprire se la tua universit\u00e0 o il tuo istituto di ricerca ha gi\u00e0 un accordo di Open Access con IEEE qui: <a href=\"https:\/\/open.ieee.org\/for-institutions\/institutional-partners\/\" target=\"_blank\" data-type=\"link\" data-id=\"https:\/\/open.ieee.org\/for-institutions\/institutional-partners\/\" rel=\"noreferrer noopener nofollow\">Partner istituzionali di IEEE Open Access (maggio 2026) <\/a>   <\/p>\n\n<h3 class=\"wp-block-heading\">Come posso accedere agli IEEE Papers?<\/h3>\n\n<p>In linea di massima, tutti possono accedere ai Papers IEEE. \u00c8 possibile trovare i record bibliografici e gli abstract nei database. Se vuoi accedere ai documenti full-text, \u00e8 necessario un abbonamento. \u00c8 anche possibile acquistare singoli documenti online. Gli studenti hanno spesso un accesso limitato attraverso le cosiddette filiali studentesche delle universit\u00e0. Saremo lieti di consigliarti e supportarti nella selezione e nell&#8217;acquisto dei documenti IEEE che ti interessano!     <\/p>\n\n<div class=\"wp-block-group alignfull has-lightgrey-background-color has-background has-global-padding is-layout-constrained wp-block-group-is-layout-constrained\" style=\"padding-top:var(--wp--preset--spacing--60);padding-bottom:var(--wp--preset--spacing--60)\">\n<h2 class=\"wp-block-heading\" data-aos=\"flip-up\" data-aos-delay=\"50\" data-aos-duration=\"1000\" data-aos-once=\"true\">Contributi sul tema IEEE<\/h2>\n\n\n\n<ul class=\"wp-block-list\">\n<li><a href=\"https:\/\/www.standardsandmore.com\/open-access-symposium-fuer-ieee-autoren-tipps-und-best-practices-fuer-ieee-veroeffentlichungen\/\">Simposio sull&#8217;accesso aperto per gli autori IEEE: suggerimenti e buone pratiche per le pubblicazioni IEEE<\/a><\/li>\n\n\n\n<li><a href=\"https:\/\/www.standardsandmore.com\/ieee-xplore-webinar-strategien-zur-personalisierung-ihrer-forschungserfahrung\/\">Webinar IEEE Xplore: Strategie per personalizzare la tua esperienza di ricerca<\/a><\/li>\n\n\n\n<li><a href=\"https:\/\/www.standardsandmore.com\/treffen-sie-uns-beim-vdi-kongress-fuer-elektronikexperten\/\">Incontraci al Congresso VDI per gli esperti di elettronica<\/a><\/li>\n\n\n\n<li><a href=\"https:\/\/www.standardsandmore.com\/best-practices-to-get-published-with-ieee\/\">Le migliori pratiche per essere pubblicati con IEEE<\/a><\/li>\n\n\n\n<li><a href=\"https:\/\/www.standardsandmore.com\/princeton-university-press-auf-ieee-xplore\/\">Princeton University Press su IEEE Xplore<\/a><\/li>\n<\/ul>\n<\/div>\n","protected":false},"excerpt":{"rendered":"<p>Documenti IEEE Ricerca In qualit\u00e0 di partner autorizzato di IEEE nei paesi di lingua tedesca, offriamo formazione e supporto nell&#8217;utilizzo dei database e nella ricerca di articoli IEEE. Offriamo i nostri corsi di formazione individualmente presso il tuo ufficio o in seminari web. Standards And More (SAM) \u00e8 il tuo contatto locale quando si tratta [&hellip;]<\/p>\n","protected":false},"author":1,"featured_media":1705,"parent":4921,"menu_order":10,"comment_status":"closed","ping_status":"closed","template":"","meta":{"_acf_changed":false,"footnotes":""},"class_list":["post-4901","page","type-page","status-publish","hentry"],"acf":[],"_links":{"self":[{"href":"https:\/\/www.standardsandmore.com\/it\/wp-json\/wp\/v2\/pages\/4901","targetHints":{"allow":["GET"]}}],"collection":[{"href":"https:\/\/www.standardsandmore.com\/it\/wp-json\/wp\/v2\/pages"}],"about":[{"href":"https:\/\/www.standardsandmore.com\/it\/wp-json\/wp\/v2\/types\/page"}],"author":[{"embeddable":true,"href":"https:\/\/www.standardsandmore.com\/it\/wp-json\/wp\/v2\/users\/1"}],"replies":[{"embeddable":true,"href":"https:\/\/www.standardsandmore.com\/it\/wp-json\/wp\/v2\/comments?post=4901"}],"version-history":[{"count":1,"href":"https:\/\/www.standardsandmore.com\/it\/wp-json\/wp\/v2\/pages\/4901\/revisions"}],"predecessor-version":[{"id":4905,"href":"https:\/\/www.standardsandmore.com\/it\/wp-json\/wp\/v2\/pages\/4901\/revisions\/4905"}],"up":[{"embeddable":true,"href":"https:\/\/www.standardsandmore.com\/it\/wp-json\/wp\/v2\/pages\/4921"}],"wp:featuredmedia":[{"embeddable":true,"href":"https:\/\/www.standardsandmore.com\/it\/wp-json\/wp\/v2\/media\/1705"}],"wp:attachment":[{"href":"https:\/\/www.standardsandmore.com\/it\/wp-json\/wp\/v2\/media?parent=4901"}],"curies":[{"name":"wp","href":"https:\/\/api.w.org\/{rel}","templated":true}]}}