{"id":2333,"date":"2018-01-24T08:24:22","date_gmt":"2018-01-24T07:24:22","guid":{"rendered":"https:\/\/www.standardsandmore.com\/uedvoezoeljuek-a-sam-szabvanyok-es-tovabb\/"},"modified":"2023-01-27T13:56:05","modified_gmt":"2023-01-27T12:56:05","slug":"uedvoezoeljuek-a-sam-szabvanyok-es-tovabb","status":"publish","type":"page","link":"https:\/\/www.standardsandmore.com\/hu\/","title":{"rendered":"\u00dcdv\u00f6z\u00f6lj\u00fck a SAM &#8211;<br>Standards and More&#8230;"},"content":{"rendered":"<p><strong>Az \u00d6n partnere a m\u0171szaki \u00e9s tudom\u00e1nyos inform\u00e1ci\u00f3k ter\u00e9n.<\/strong><\/p>\n<p>Tan\u00e1csot adunk egyetemeknek \u00e9s f\u0151iskol\u00e1knak, kutat\u00f3int\u00e9zeteknek \u00e9s v\u00e1llalatoknak a m\u0171szaki kiadv\u00e1nyokkal \u00e9s szabv\u00e1nyokkal kapcsolatos inform\u00e1ci\u00f3k beszerz\u00e9s\u00e9vel \u00e9s szolg\u00e1ltat\u00e1s\u00e1val kapcsolatban. T\u00e1mogatjuk \u00d6nt a szabv\u00e1nyok kezel\u00e9s\u00e9ben \u00e9s a szabadalmi keres\u00e9sekben, valamint digit\u00e1lis portf\u00f3li\u00f3nkban tudom\u00e1nyos foly\u00f3iratokkal \u00e9s konferencia dokument\u00e1ci\u00f3val, e-k\u00f6nyvekkel \u00e9s eLearning tanfolyamokkal rendelkez\u00fcnk. Vezet\u0151 m\u0171szaki sz\u00f6vets\u00e9gek \u00e9s kiad\u00f3k a partnereink.<\/p>\n<p>V\u00e9g\u00fcl, de nem utols\u00f3sorban: a SAM elk\u00f6telezett. Seg\u00e9lyszervezeteket \u00e9s szoci\u00e1lis projekteket t\u00e1mogatunk. Helyi \u00e9s glob\u00e1lis. Rendszeresen t\u00e1mogatjuk az \u00c4rzte ohne Grenzen e.V. (Orvosok Hat\u00e1rok N\u00e9lk\u00fcl e.V.) projektet, valamint a kick it international e.V., a m\u00fcncheni j\u00e1r\u00f3beteg gyermekhospice, a Tatendrang \u00f6nk\u00e9ntes \u00fcgyn\u00f6ks\u00e9g \u00e9s m\u00e9g sok m\u00e1s projektet.<\/p>\n","protected":false},"excerpt":{"rendered":"<p>Az \u00d6n partnere a m\u0171szaki \u00e9s tudom\u00e1nyos inform\u00e1ci\u00f3k ter\u00e9n. Tan\u00e1csot adunk egyetemeknek \u00e9s f\u0151iskol\u00e1knak, kutat\u00f3int\u00e9zeteknek \u00e9s v\u00e1llalatoknak a m\u0171szaki kiadv\u00e1nyokkal \u00e9s szabv\u00e1nyokkal kapcsolatos inform\u00e1ci\u00f3k beszerz\u00e9s\u00e9vel \u00e9s szolg\u00e1ltat\u00e1s\u00e1val kapcsolatban. T\u00e1mogatjuk \u00d6nt a szabv\u00e1nyok kezel\u00e9s\u00e9ben \u00e9s a szabadalmi keres\u00e9sekben, valamint digit\u00e1lis portf\u00f3li\u00f3nkban tudom\u00e1nyos foly\u00f3iratokkal \u00e9s konferencia dokument\u00e1ci\u00f3val, e-k\u00f6nyvekkel \u00e9s eLearning tanfolyamokkal rendelkez\u00fcnk. Vezet\u0151 m\u0171szaki sz\u00f6vets\u00e9gek \u00e9s kiad\u00f3k [&hellip;]<\/p>\n","protected":false},"author":1,"featured_media":0,"parent":0,"menu_order":0,"comment_status":"closed","ping_status":"closed","template":"page-clean.php","meta":{"_acf_changed":false,"footnotes":""},"class_list":["post-2333","page","type-page","status-publish","hentry"],"acf":[],"_links":{"self":[{"href":"https:\/\/www.standardsandmore.com\/hu\/wp-json\/wp\/v2\/pages\/2333","targetHints":{"allow":["GET"]}}],"collection":[{"href":"https:\/\/www.standardsandmore.com\/hu\/wp-json\/wp\/v2\/pages"}],"about":[{"href":"https:\/\/www.standardsandmore.com\/hu\/wp-json\/wp\/v2\/types\/page"}],"author":[{"embeddable":true,"href":"https:\/\/www.standardsandmore.com\/hu\/wp-json\/wp\/v2\/users\/1"}],"replies":[{"embeddable":true,"href":"https:\/\/www.standardsandmore.com\/hu\/wp-json\/wp\/v2\/comments?post=2333"}],"version-history":[{"count":1,"href":"https:\/\/www.standardsandmore.com\/hu\/wp-json\/wp\/v2\/pages\/2333\/revisions"}],"predecessor-version":[{"id":2336,"href":"https:\/\/www.standardsandmore.com\/hu\/wp-json\/wp\/v2\/pages\/2333\/revisions\/2336"}],"wp:attachment":[{"href":"https:\/\/www.standardsandmore.com\/hu\/wp-json\/wp\/v2\/media?parent=2333"}],"curies":[{"name":"wp","href":"https:\/\/api.w.org\/{rel}","templated":true}]}}