{"id":4697,"date":"2021-05-21T10:10:28","date_gmt":"2021-05-21T08:10:28","guid":{"rendered":"https:\/\/www.standardsandmore.com\/digital-library-collections\/ieee\/ieee-access\/"},"modified":"2026-04-20T23:36:16","modified_gmt":"2026-04-20T21:36:16","slug":"ieee-access","status":"publish","type":"page","link":"https:\/\/www.standardsandmore.com\/en\/digital-library-collections\/ieee\/ieee-access\/","title":{"rendered":"IEEE Access"},"content":{"rendered":"\n<div class=\"wp-block-cover alignfull is-light\" style=\"padding-top:var(--wp--preset--spacing--60);padding-bottom:var(--wp--preset--spacing--60);min-height:500px;aspect-ratio:unset;\"><img loading=\"lazy\" decoding=\"async\" width=\"1200\" height=\"375\" class=\"wp-block-cover__image-background wp-image-4253 size-large\" alt=\"\" src=\"https:\/\/www.standardsandmore.com\/wp-content\/uploads\/IEEEIndesign-1200x375.jpg\" data-object-fit=\"cover\" srcset=\"https:\/\/www.standardsandmore.com\/wp-content\/uploads\/IEEEIndesign-1200x375.jpg 1200w, https:\/\/www.standardsandmore.com\/wp-content\/uploads\/IEEEIndesign-600x188.jpg 600w, https:\/\/www.standardsandmore.com\/wp-content\/uploads\/IEEEIndesign-300x94.jpg 300w, https:\/\/www.standardsandmore.com\/wp-content\/uploads\/IEEEIndesign-768x240.jpg 768w, https:\/\/www.standardsandmore.com\/wp-content\/uploads\/IEEEIndesign-1536x480.jpg 1536w, https:\/\/www.standardsandmore.com\/wp-content\/uploads\/IEEEIndesign.jpg 1920w\" sizes=\"auto, (max-width: 1200px) 100vw, 1200px\" \/><span aria-hidden=\"true\" class=\"wp-block-cover__background has-background-dim-20 has-background-dim\" style=\"background-color:#f1f3f4\"><\/span><div class=\"wp-block-cover__inner-container has-global-padding is-layout-constrained wp-block-cover-is-layout-constrained\">\n<div class=\"wp-block-columns is-layout-flex wp-container-core-columns-is-layout-28f84493 wp-block-columns-is-layout-flex\">\n<div class=\"wp-block-column has-black-color has-white-background-color has-text-color has-background has-link-color wp-elements-f043121b7f089510ca15752628d4cf5c is-layout-flow wp-block-column-is-layout-flow\" style=\"padding-top:var(--wp--preset--spacing--20);padding-right:var(--wp--preset--spacing--40);padding-bottom:var(--wp--preset--spacing--20);padding-left:var(--wp--preset--spacing--40);flex-basis:66.66%\" data-aos=\"fade-left\" data-aos-delay=\"50\" data-aos-duration=\"1000\" data-aos-once=\"true\">\n<h1 class=\"wp-block-heading has-blue-color has-text-color has-link-color wp-elements-78ce8d05eb2f90b00844de2cca748918\">IEEE Access<\/h1>\n\n\n\n<p>All important information on IEEE Access at a glance.<\/p>\n\n\n\n<div class=\"wp-block-buttons is-layout-flex wp-block-buttons-is-layout-flex\">\n<div class=\"wp-block-button\"><a class=\"wp-block-button__link has-white-color has-blue-background-color has-text-color has-background has-link-color wp-element-button\" href=\"https:\/\/www.standardsandmore.com\/kontakt\/\">Contact us<\/a><\/div>\n<\/div>\n<\/div>\n\n\n\n<div class=\"wp-block-column is-layout-flow wp-block-column-is-layout-flow\" style=\"flex-basis:33.33%\"><\/div>\n<\/div>\n<\/div><\/div>\n\n<div class=\"wp-block-group alignfull has-global-padding is-layout-constrained wp-block-group-is-layout-constrained\">\n<p><\/p>\n\n\n\n<h2 class=\"wp-block-heading\" data-aos=\"flip-up\" data-aos-delay=\"50\" data-aos-duration=\"1000\" data-aos-once=\"true\">IEEE Access &#8211; one of the largest Open Access journals<\/h2>\n\n\n\n<p>The journal IEEE Access regularly presents the results and developments of research in all specialist areas of the IEEE. The content is made available by the publishing authors paying a publication fee. However, if you are a member of IEEE as an author, there are various options for publication discounts. In return, IEEE Access offers a fast peer review and publication process of four to six weeks with free access for all interested readers. The main target audience for the journal is students and engineers.    <\/p>\n\n\n\n<div class=\"wp-block-media-text is-stacked-on-mobile is-image-fill-element\" style=\"margin-top:var(--wp--preset--spacing--60);margin-bottom:var(--wp--preset--spacing--60)\" data-aos=\"fade-left\" data-aos-delay=\"50\" data-aos-duration=\"1000\" data-aos-once=\"true\"><figure class=\"wp-block-media-text__media\"><img loading=\"lazy\" decoding=\"async\" width=\"1200\" height=\"219\" src=\"https:\/\/www.standardsandmore.com\/wp-content\/uploads\/startslider03-komp-1200x219.jpg\" alt=\"\" class=\"wp-image-1437 size-full\" style=\"object-position:50% 50%\" srcset=\"https:\/\/www.standardsandmore.com\/wp-content\/uploads\/startslider03-komp-1200x219.jpg 1200w, https:\/\/www.standardsandmore.com\/wp-content\/uploads\/startslider03-komp-600x109.jpg 600w, https:\/\/www.standardsandmore.com\/wp-content\/uploads\/startslider03-komp-300x55.jpg 300w, https:\/\/www.standardsandmore.com\/wp-content\/uploads\/startslider03-komp-768x140.jpg 768w, https:\/\/www.standardsandmore.com\/wp-content\/uploads\/startslider03-komp-1536x280.jpg 1536w, https:\/\/www.standardsandmore.com\/wp-content\/uploads\/startslider03-komp.jpg 1920w\" sizes=\"auto, (max-width: 1200px) 100vw, 1200px\" \/><\/figure><div class=\"wp-block-media-text__content\">\n<h2 class=\"wp-block-heading\" data-aos=\"flip-up\" data-aos-delay=\"50\" data-aos-duration=\"1000\" data-aos-once=\"true\">Interdisciplinary content<\/h2>\n\n\n\n<p>The scope of IEEE Access covers all areas of interest of the IEEE, with an emphasis on application-oriented and interdisciplinary articles.<\/p>\n\n\n\n<p>In addition, there is a special section in the journal that highlights a specific topic of general IEEE interest. For this purpose, a focus area is proposed by the editorial IEEE members to highlight application-oriented and interdisciplinary topics. Together with the editorial board, a &#8220;Call for Papers&#8221; is then sent out to researchers from institutions and industry to request the submission of manuscripts. These should identify and discuss technical challenges and current results on the topic of the respective area.   <\/p>\n<\/div><\/div>\n\n\n\n<div class=\"wp-block-media-text has-media-on-the-right is-stacked-on-mobile is-image-fill-element\" style=\"margin-top:var(--wp--preset--spacing--60);margin-bottom:var(--wp--preset--spacing--60)\" data-aos=\"fade-left\" data-aos-delay=\"50\" data-aos-duration=\"1000\" data-aos-once=\"true\"><div class=\"wp-block-media-text__content\">\n<h3 class=\"wp-block-heading\" data-aos=\"flip-up\" data-aos-delay=\"50\" data-aos-duration=\"1000\" data-aos-once=\"true\"><strong>Indexing:<\/strong><\/h3>\n\n\n\n<ul class=\"wp-block-list\">\n<li>Current Contents\/Engineering, Computing and Technology Edition (Clarivate Analytics)<\/li>\n\n\n\n<li>Directory of Open Access Journals (DOAJ)<\/li>\n\n\n\n<li>EBSCOhost<\/li>\n\n\n\n<li>Egg Compendex<\/li>\n\n\n\n<li>Google Scholar<\/li>\n\n\n\n<li>IET Inspec<\/li>\n\n\n\n<li>Journal Citation Reports\/Science Edition (Clarivate Analytics)<\/li>\n\n\n\n<li>Science Citation Index Expanded (Clarivate Analytics)<\/li>\n\n\n\n<li>Scopus<\/li>\n\n\n\n<li>Web of Science (Clarivate Analytics)<\/li>\n<\/ul>\n<\/div><figure class=\"wp-block-media-text__media\"><img loading=\"lazy\" decoding=\"async\" width=\"1200\" height=\"219\" src=\"https:\/\/www.standardsandmore.com\/wp-content\/uploads\/startslider03-komp-1200x219.jpg\" alt=\"\" class=\"wp-image-1437 size-full\" style=\"object-position:50% 50%\" srcset=\"https:\/\/www.standardsandmore.com\/wp-content\/uploads\/startslider03-komp-1200x219.jpg 1200w, https:\/\/www.standardsandmore.com\/wp-content\/uploads\/startslider03-komp-600x109.jpg 600w, https:\/\/www.standardsandmore.com\/wp-content\/uploads\/startslider03-komp-300x55.jpg 300w, https:\/\/www.standardsandmore.com\/wp-content\/uploads\/startslider03-komp-768x140.jpg 768w, https:\/\/www.standardsandmore.com\/wp-content\/uploads\/startslider03-komp-1536x280.jpg 1536w, https:\/\/www.standardsandmore.com\/wp-content\/uploads\/startslider03-komp.jpg 1920w\" sizes=\"auto, (max-width: 1200px) 100vw, 1200px\" \/><\/figure><\/div>\n\n\n\n<h2 class=\"wp-block-heading\" data-aos=\"flip-up\" data-aos-delay=\"50\" data-aos-duration=\"1000\" data-aos-once=\"true\">Publish or research in IEEE Access<\/h2>\n\n\n\n<p>Would you like to publish with IEEE Access yourself? Or are you looking for the best research methods for technical publications? We at SAM &#8211; Standards and More, as an authorized partner of IEEE, are happy to help you with the optimal handling of specialist databases and in particular with the use of IEEE Access. In addition to training courses, we offer you individual support for the procurement and publication of scientific content. Take advantage of our uncomplicated and competent support and let us advise you without obligation!    <\/p>\n\n\n\n<div class=\"wp-block-columns alignfull has-white-color has-blue-turquoise-hard-gradient-background has-text-color has-background has-link-color wp-elements-dd181c48371a8e871b824baeabeb114f is-layout-flex wp-container-core-columns-is-layout-4f15bf30 wp-block-columns-is-layout-flex\" style=\"margin-top:var(--wp--preset--spacing--60);margin-bottom:0;padding-top:var(--wp--preset--spacing--60);padding-bottom:var(--wp--preset--spacing--60)\">\n<div class=\"wp-block-column is-vertically-aligned-bottom is-layout-flow wp-block-column-is-layout-flow\">\n<p class=\"has-text-align-right has-extra-large-font-size\" style=\"text-transform:uppercase\" data-aos=\"fade-right\" data-aos-delay=\"50\" data-aos-duration=\"1000\" data-aos-once=\"true\"><em>Timo Kandler<\/em><\/p>\n\n\n\n<p class=\"has-text-align-right\"><strong><a href=\"tel:+498925544820\">+49 89 2 55 44 82 -0<\/a><br\/><a href=\"mailto:timo.kandler@standardsandmore.com\">E-mail to Timo Kandler<\/a><\/strong><\/p>\n<\/div>\n\n\n\n<div class=\"wp-block-column is-vertically-aligned-center is-layout-flow wp-block-column-is-layout-flow\">\n<figure class=\"wp-block-image aligncenter size-full is-resized has-custom-border is-style-rounded\"><img loading=\"lazy\" decoding=\"async\" width=\"310\" height=\"400\" src=\"https:\/\/www.standardsandmore.com\/wp-content\/uploads\/SAM_TimoKandler.jpg\" alt=\"Timo Kandler, Managing Director\" class=\"wp-image-1144\" style=\"border-radius:100%;aspect-ratio:1;object-fit:cover;width:250px\" srcset=\"https:\/\/www.standardsandmore.com\/wp-content\/uploads\/SAM_TimoKandler.jpg 310w, https:\/\/www.standardsandmore.com\/wp-content\/uploads\/SAM_TimoKandler-233x300.jpg 233w\" sizes=\"auto, (max-width: 310px) 100vw, 310px\" \/><\/figure>\n<\/div>\n\n\n\n<div class=\"wp-block-column is-layout-flow wp-block-column-is-layout-flow\">\n<p class=\"has-black-color has-text-color has-link-color has-extra-extra-large-font-size wp-elements-168fd7237377ad942aed3911a1b07fb5\" data-aos=\"fade-left\" data-aos-delay=\"50\" data-aos-duration=\"1000\" data-aos-once=\"true\">Any questions?<\/p>\n\n\n\n<p class=\"has-black-color has-text-color has-link-color wp-elements-41511cff6a0ca1ea2c466421564ac2b4\">Take advantage of IEEE Access, the leading open access journal for application-oriented and interdisciplinary research. Publish your results in a fast peer-review process or conduct comprehensive research on technical topics. Let our experts advise you and optimize your use of IEEE Access.  <\/p>\n\n\n\n<div class=\"wp-block-buttons is-layout-flex wp-block-buttons-is-layout-flex\" data-aos=\"flip-up\" data-aos-delay=\"250\" data-aos-duration=\"1000\" data-aos-once=\"true\">\n<div class=\"wp-block-button\"><a class=\"wp-block-button__link has-blue-color has-yellow-background-color has-text-color has-background has-link-color wp-element-button\" href=\"https:\/\/www.standardsandmore.com\/kontakt\/\">Get advice now<\/a><\/div>\n<\/div>\n<\/div>\n<\/div>\n\n\n\n<div class=\"wp-block-group alignfull has-lightgrey-background-color has-background has-global-padding is-layout-constrained wp-block-group-is-layout-constrained\" style=\"padding-top:var(--wp--preset--spacing--60);padding-bottom:var(--wp--preset--spacing--60)\">\n<h2 class=\"wp-block-heading\" data-aos=\"flip-up\" data-aos-delay=\"50\" data-aos-duration=\"1000\" data-aos-once=\"true\">Further topics on the IEEE:<\/h2>\n\n\n\n<div class=\"wp-block-columns is-layout-flex wp-container-core-columns-is-layout-7255d826 wp-block-columns-is-layout-flex\" style=\"margin-top:var(--wp--preset--spacing--40);margin-bottom:var(--wp--preset--spacing--40)\">\n<div class=\"wp-block-column is-layout-flow wp-block-column-is-layout-flow\" style=\"border-bottom-color:var(--wp--preset--color--blue);border-bottom-width:1px\">\n<p class=\"arr has-large-font-size\"><a href=\"#\"><strong><em>IEEE Papers<\/em><\/strong><\/a><\/p>\n<\/div>\n\n\n\n<div class=\"wp-block-column is-layout-flow wp-block-column-is-layout-flow\" style=\"border-bottom-color:var(--wp--preset--color--blue);border-bottom-width:1px\">\n<p class=\"arr has-large-font-size\"><a href=\"#\"><strong><em>IEEE Membership<\/em><\/strong><\/a><\/p>\n<\/div>\n<\/div>\n\n\n\n<div class=\"wp-block-columns is-layout-flex wp-container-core-columns-is-layout-7255d826 wp-block-columns-is-layout-flex\" style=\"margin-top:var(--wp--preset--spacing--40);margin-bottom:var(--wp--preset--spacing--40)\">\n<div class=\"wp-block-column is-layout-flow wp-block-column-is-layout-flow\" style=\"border-bottom-color:var(--wp--preset--color--blue);border-bottom-width:1px\">\n<p class=\"arr has-large-font-size\"><a href=\"#\"><strong><em>IEEE Xplore<\/em><\/strong><\/a><\/p>\n<\/div>\n\n\n\n<div class=\"wp-block-column is-layout-flow wp-block-column-is-layout-flow\" style=\"border-bottom-color:var(--wp--preset--color--blue);border-bottom-width:1px\">\n<p class=\"arr has-large-font-size\"><a href=\"#\"><strong><em>IEEE Access<\/em><\/strong><\/a><\/p>\n<\/div>\n<\/div>\n<\/div>\n<\/div>\n\n<h2 class=\"wp-block-heading\">FAQs<\/h2>\n\n<h3 class=\"wp-block-heading\">Is IEEE Access free of charge?<\/h3>\n\n<p>Basically yes. You can access all articles, documents and materials. However, as soon as you want to publish something yourself, a fee will be charged. We will be happy to advise you on more precise conditions and research methods!   <\/p>\n\n<h3 class=\"wp-block-heading\">How do I write a technical article for IEEE Access?<\/h3>\n\n<p>If you want to publish something as an author with IEEE Access, there are a few things to consider. The IEEE provides you with various video descriptions and authoring tools with which you can publish research results faster and more effectively.  Your manuscript will then undergo peer review, and every article must be reviewed by at least two independent referees. As soon as your article is accepted for publication, it will enter Production. We can gladly advise you in a personal call, whether an author workshop is required.<\/p>\n\n<script type=\"application\/ld+json\">{\n  \"@context\": \"https:\/\/schema.org\",\n  \"@type\": \"FAQPage\",\n  \"mainEntity\": [{\n    \"@type\": \"Question\",\n    \"name\": \"Ist IEEE Access kostenlos?\",\n    \"acceptedAnswer\": {\n      \"@type\": \"Answer\",\n      \"text\": \"Grunds\u00e4tzlich ja. Sie k\u00f6nnen auf alle Artikel, Dokumente und Materialien zugreifen. Sobald Sie aber etwas selbst ver\u00f6ffentlichen m\u00f6chten, wird eine Geb\u00fchr f\u00e4llig. Zu genaueren Konditionen und Recherchemethoden beraten wir Sie gerne!\"\n    }\n  },{\n    \"@type\": \"Question\",\n    \"name\": \"Wie schreibe ich einen Fachartikel f\u00fcr IEEE Access?\",\n    \"acceptedAnswer\": {\n      \"@type\": \"Answer\",\n      \"text\": \"Wenn Sie bei IEEE Access als Autor etwas ver\u00f6ffentlichen wollen, gilt es einiges zu beachten. Durch das IEEE werden Ihnen verschiedene Videobeschreibungen und Authoring-Tools, mit denen Sie Forschungsergebnisse schneller und effektiver ver\u00f6ffentlichen k\u00f6nnen, bereitgestellt. Ihr Manuskript wird dann einer Peer-Review unterzogen, und jeder Artikel muss von mindestens zwei unabh\u00e4ngigen Gutachtern bewertet werden. Sobald Ihr Artikel zur Ver\u00f6ffentlichung angenommen wurde, wird er in Produktion gehen. Gerne beraten wir Sie in einem pers\u00f6nlichen Gespr\u00e4ch, ob ein Autorenworkshop n\u00f6tig ist.\"\n    }\n  }]\n}\n<\/script>\n\n<div class=\"wp-block-group alignfull has-white-color has-blue-background-color has-text-color has-background has-link-color wp-elements-285fc53d30d0ee3922f838f800ec553f has-global-padding is-layout-constrained wp-block-group-is-layout-constrained\" style=\"margin-top:var(--wp--preset--spacing--60);margin-bottom:0\">\n<div class=\"wp-block-columns are-vertically-aligned-center is-layout-flex wp-container-core-columns-is-layout-28f84493 wp-block-columns-is-layout-flex\">\n<div class=\"wp-block-column is-vertically-aligned-center is-layout-flow wp-block-column-is-layout-flow\" style=\"flex-basis:66.66%\">\n<p class=\"has-extra-large-font-size\" style=\"text-transform:uppercase\" data-aos=\"fade-right\" data-aos-delay=\"50\" data-aos-duration=\"1000\" data-aos-once=\"true\"><em>Get advice now and find out more<\/em><\/p>\n<\/div>\n\n\n\n<div class=\"wp-block-column is-vertically-aligned-center is-layout-flow wp-block-column-is-layout-flow\" style=\"flex-basis:33.33%\">\n<div class=\"wp-block-buttons is-layout-flex wp-block-buttons-is-layout-flex\" data-aos=\"flip-up\" data-aos-delay=\"250\" data-aos-duration=\"1000\" data-aos-once=\"true\">\n<div class=\"wp-block-button\"><a class=\"wp-block-button__link has-blue-color has-yellow-background-color has-text-color has-background has-link-color wp-element-button\" href=\"https:\/\/www.standardsandmore.com\/kontakt\/\">Contact us now<\/a><\/div>\n<\/div>\n<\/div>\n<\/div>\n<\/div>\n\n<div class=\"wp-block-group alignfull has-lightgrey-background-color has-background has-global-padding is-layout-constrained wp-block-group-is-layout-constrained\" style=\"padding-top:var(--wp--preset--spacing--60);padding-bottom:var(--wp--preset--spacing--60)\">\n<h2 class=\"wp-block-heading\" data-aos=\"flip-up\" data-aos-delay=\"50\" data-aos-duration=\"1000\" data-aos-once=\"true\">Articles regarding IEEE<\/h2>\n\n\n\n<ul class=\"wp-block-list\">\n<li><a href=\"https:\/\/www.standardsandmore.com\/open-access-symposium-fuer-ieee-autoren-tipps-und-best-practices-fuer-ieee-veroeffentlichungen\/\">Open Access Symposium for IEEE Authors: Tips and Best Practices for IEEE Publications<\/a><\/li>\n\n\n\n<li><a href=\"https:\/\/www.standardsandmore.com\/ieee-xplore-webinar-strategien-zur-personalisierung-ihrer-forschungserfahrung\/\">IEEE Xplore webinar: Strategies for personalizing your research experience<\/a><\/li>\n\n\n\n<li><a href=\"https:\/\/www.standardsandmore.com\/treffen-sie-uns-beim-vdi-kongress-fuer-elektronikexperten\/\">Meet us at the VDI Congress for Electronics Experts<\/a><\/li>\n\n\n\n<li><a href=\"https:\/\/www.standardsandmore.com\/best-practices-to-get-published-with-ieee\/\">Best Practices to Get Published with IEEE<\/a><\/li>\n\n\n\n<li><a href=\"https:\/\/www.standardsandmore.com\/princeton-university-press-auf-ieee-xplore\/\">Princeton University Press on IEEE Xplore<\/a><\/li>\n<\/ul>\n<\/div>\n","protected":false},"excerpt":{"rendered":"<p>IEEE Access &#8211; one of the largest Open Access journals The journal IEEE Access regularly presents the results and developments of research in all specialist areas of the IEEE. The content is made available by the publishing authors paying a publication fee. However, if you are a member of IEEE as an author, there are [&hellip;]<\/p>\n","protected":false},"author":1,"featured_media":1704,"parent":4615,"menu_order":40,"comment_status":"closed","ping_status":"closed","template":"","meta":{"_acf_changed":false,"footnotes":""},"class_list":["post-4697","page","type-page","status-publish","hentry"],"acf":[],"_links":{"self":[{"href":"https:\/\/www.standardsandmore.com\/en\/wp-json\/wp\/v2\/pages\/4697","targetHints":{"allow":["GET"]}}],"collection":[{"href":"https:\/\/www.standardsandmore.com\/en\/wp-json\/wp\/v2\/pages"}],"about":[{"href":"https:\/\/www.standardsandmore.com\/en\/wp-json\/wp\/v2\/types\/page"}],"author":[{"embeddable":true,"href":"https:\/\/www.standardsandmore.com\/en\/wp-json\/wp\/v2\/users\/1"}],"replies":[{"embeddable":true,"href":"https:\/\/www.standardsandmore.com\/en\/wp-json\/wp\/v2\/comments?post=4697"}],"version-history":[{"count":1,"href":"https:\/\/www.standardsandmore.com\/en\/wp-json\/wp\/v2\/pages\/4697\/revisions"}],"predecessor-version":[{"id":4698,"href":"https:\/\/www.standardsandmore.com\/en\/wp-json\/wp\/v2\/pages\/4697\/revisions\/4698"}],"up":[{"embeddable":true,"href":"https:\/\/www.standardsandmore.com\/en\/wp-json\/wp\/v2\/pages\/4615"}],"wp:featuredmedia":[{"embeddable":true,"href":"https:\/\/www.standardsandmore.com\/en\/wp-json\/wp\/v2\/media\/1704"}],"wp:attachment":[{"href":"https:\/\/www.standardsandmore.com\/en\/wp-json\/wp\/v2\/media?parent=4697"}],"curies":[{"name":"wp","href":"https:\/\/api.w.org\/{rel}","templated":true}]}}