{"id":4650,"date":"2021-05-21T10:04:28","date_gmt":"2021-05-21T08:04:28","guid":{"rendered":"https:\/\/www.standardsandmore.com\/digital-library-collections\/ieee\/ieee-membership\/"},"modified":"2026-04-20T23:13:59","modified_gmt":"2026-04-20T21:13:59","slug":"ieee-membership","status":"publish","type":"page","link":"https:\/\/www.standardsandmore.com\/en\/digital-library-collections\/ieee\/ieee-membership\/","title":{"rendered":"IEEE Membership"},"content":{"rendered":"\n<div class=\"wp-block-cover alignfull is-light\" style=\"padding-top:var(--wp--preset--spacing--60);padding-bottom:var(--wp--preset--spacing--60);min-height:50vh;aspect-ratio:unset;\"><img loading=\"lazy\" decoding=\"async\" width=\"1200\" height=\"375\" class=\"wp-block-cover__image-background wp-image-4253 size-large\" alt=\"\" src=\"https:\/\/www.standardsandmore.com\/wp-content\/uploads\/IEEEIndesign-1200x375.jpg\" data-object-fit=\"cover\" srcset=\"https:\/\/www.standardsandmore.com\/wp-content\/uploads\/IEEEIndesign-1200x375.jpg 1200w, https:\/\/www.standardsandmore.com\/wp-content\/uploads\/IEEEIndesign-600x188.jpg 600w, https:\/\/www.standardsandmore.com\/wp-content\/uploads\/IEEEIndesign-300x94.jpg 300w, https:\/\/www.standardsandmore.com\/wp-content\/uploads\/IEEEIndesign-768x240.jpg 768w, https:\/\/www.standardsandmore.com\/wp-content\/uploads\/IEEEIndesign-1536x480.jpg 1536w, https:\/\/www.standardsandmore.com\/wp-content\/uploads\/IEEEIndesign.jpg 1920w\" sizes=\"auto, (max-width: 1200px) 100vw, 1200px\" \/><span aria-hidden=\"true\" class=\"wp-block-cover__background has-background-dim-20 has-background-dim\" style=\"background-color:#f1f3f4\"><\/span><div class=\"wp-block-cover__inner-container has-global-padding is-layout-constrained wp-block-cover-is-layout-constrained\">\n<div class=\"wp-block-columns is-layout-flex wp-container-core-columns-is-layout-28f84493 wp-block-columns-is-layout-flex\">\n<div class=\"wp-block-column has-black-color has-white-background-color has-text-color has-background has-link-color wp-elements-169a8bdae1a736835c27c8aef23b32c7 is-layout-flow wp-block-column-is-layout-flow\" style=\"padding-top:var(--wp--preset--spacing--20);padding-right:var(--wp--preset--spacing--40);padding-bottom:var(--wp--preset--spacing--20);padding-left:var(--wp--preset--spacing--40);flex-basis:66.66%\" data-aos=\"fade-left\" data-aos-delay=\"50\" data-aos-duration=\"1000\" data-aos-once=\"true\">\n<h1 class=\"wp-block-heading has-blue-color has-text-color has-link-color wp-elements-c4d168418fffd3c25cb3c72c98bb60d5\">IEEE Membership<\/h1>\n\n\n\n<p>IEEE members form a community of over 460,000 technology and engineering professionals. They are united by a common goal to continuously learn, share, collaborate and develop innovative solutions. <\/p>\n\n\n\n<div class=\"wp-block-buttons is-layout-flex wp-block-buttons-is-layout-flex\">\n<div class=\"wp-block-button\"><a class=\"wp-block-button__link has-white-color has-blue-background-color has-text-color has-background has-link-color wp-element-button\" href=\"https:\/\/www.standardsandmore.com\/kontakt\/\">Contact us<\/a><\/div>\n<\/div>\n<\/div>\n\n\n\n<div class=\"wp-block-column is-layout-flow wp-block-column-is-layout-flow\" style=\"flex-basis:33.33%\"><\/div>\n<\/div>\n<\/div><\/div>\n\n<div class=\"wp-block-columns is-layout-flex wp-container-core-columns-is-layout-bcb58c4c wp-block-columns-is-layout-flex\" style=\"margin-top:var(--wp--preset--spacing--80);margin-bottom:var(--wp--preset--spacing--80)\">\n<div class=\"wp-block-column is-layout-flow wp-block-column-is-layout-flow\">\n<h2 class=\"wp-block-heading\">IEEE Community<\/h2>\n\n\n\n<p>The IEEE is recognized as the world&#8217;s largest technical society, represented in more than 160 countries. IEEE membership provides you with the resources and opportunities you need to continuously learn, innovate and stay abreast of technical changes. Network with technology and engineering professionals who specialize in your technical interests and participate in the development of standards!  <\/p>\n<\/div>\n<\/div>\n\n<div class=\"wp-block-group alignfull has-global-padding is-layout-constrained wp-block-group-is-layout-constrained\">\n<div class=\"wp-block-media-text is-stacked-on-mobile is-image-fill-element\" style=\"margin-top:var(--wp--preset--spacing--60);margin-bottom:var(--wp--preset--spacing--60)\" data-aos=\"fade-left\" data-aos-delay=\"50\" data-aos-duration=\"1000\" data-aos-once=\"true\"><figure class=\"wp-block-media-text__media\"><img loading=\"lazy\" decoding=\"async\" width=\"1200\" height=\"219\" src=\"https:\/\/www.standardsandmore.com\/wp-content\/uploads\/startslider03-komp-1200x219.jpg\" alt=\"\" class=\"wp-image-1437 size-full\" style=\"object-position:50% 50%\" srcset=\"https:\/\/www.standardsandmore.com\/wp-content\/uploads\/startslider03-komp-1200x219.jpg 1200w, https:\/\/www.standardsandmore.com\/wp-content\/uploads\/startslider03-komp-600x109.jpg 600w, https:\/\/www.standardsandmore.com\/wp-content\/uploads\/startslider03-komp-300x55.jpg 300w, https:\/\/www.standardsandmore.com\/wp-content\/uploads\/startslider03-komp-768x140.jpg 768w, https:\/\/www.standardsandmore.com\/wp-content\/uploads\/startslider03-komp-1536x280.jpg 1536w, https:\/\/www.standardsandmore.com\/wp-content\/uploads\/startslider03-komp.jpg 1920w\" sizes=\"auto, (max-width: 1200px) 100vw, 1200px\" \/><\/figure><div class=\"wp-block-media-text__content\">\n<p><strong>Membership of the IEEE includes the following benefits:<\/strong><\/p>\n\n\n\n<ul class=\"wp-block-list\">\n<li>Subscription to the IEEE Spectrum Magazine<\/li>\n\n\n\n<li>Subscription The Institute<\/li>\n\n\n\n<li>Electronic access to IEEE Potentials<\/li>\n\n\n\n<li>Electronic access to IEEE Collabratec<\/li>\n\n\n\n<li>Inclusion in the IEEE membership directory<\/li>\n\n\n\n<li>IEEE.tv programming<\/li>\n\n\n\n<li>an exclusive e-mail account from ieee.org<\/li>\n\n\n\n<li>Discounts on products and services<\/li>\n\n\n\n<li>Further training<\/li>\n\n\n\n<li>Philanthropic opportunities<\/li>\n\n\n\n<li>and much more.<\/li>\n<\/ul>\n\n\n\n<p>As an authorized representative of the IEEE in German-speaking countries, we offer training and support in the use of the databases, on site or as a webinar. We advise and support you in the selection and procurement of content, license agreements and guarantee fast support when needed! <\/p>\n<\/div><\/div>\n\n\n\n<div class=\"wp-block-columns alignfull has-white-color has-blue-turquoise-hard-gradient-background has-text-color has-background has-link-color wp-elements-e7763cad48c6bd5aab5f8718ee1deb09 is-layout-flex wp-container-core-columns-is-layout-4f15bf30 wp-block-columns-is-layout-flex\" style=\"margin-top:var(--wp--preset--spacing--60);margin-bottom:0;padding-top:var(--wp--preset--spacing--60);padding-bottom:var(--wp--preset--spacing--60)\">\n<div class=\"wp-block-column is-vertically-aligned-bottom is-layout-flow wp-block-column-is-layout-flow\">\n<p class=\"has-text-align-right has-extra-large-font-size\" style=\"text-transform:uppercase\" data-aos=\"fade-right\" data-aos-delay=\"50\" data-aos-duration=\"1000\" data-aos-once=\"true\"><em>Timo Kandler<\/em><\/p>\n\n\n\n<p class=\"has-text-align-right\"><strong><a href=\"tel:+498925544820\">+49 89 2 55 44 82 -0<\/a><br\/><a href=\"mailto:timo.kandler@standardsandmore.com\">E-mail to Timo Kandler<\/a><\/strong><\/p>\n<\/div>\n\n\n\n<div class=\"wp-block-column is-vertically-aligned-center is-layout-flow wp-block-column-is-layout-flow\">\n<figure class=\"wp-block-image aligncenter size-full is-resized has-custom-border is-style-rounded\"><img loading=\"lazy\" decoding=\"async\" width=\"310\" height=\"400\" src=\"https:\/\/www.standardsandmore.com\/wp-content\/uploads\/SAM_TimoKandler.jpg\" alt=\"Timo Kandler, Managing Director\" class=\"wp-image-1144\" style=\"border-radius:100%;aspect-ratio:1;object-fit:cover;width:250px\" srcset=\"https:\/\/www.standardsandmore.com\/wp-content\/uploads\/SAM_TimoKandler.jpg 310w, https:\/\/www.standardsandmore.com\/wp-content\/uploads\/SAM_TimoKandler-233x300.jpg 233w\" sizes=\"auto, (max-width: 310px) 100vw, 310px\" \/><\/figure>\n<\/div>\n\n\n\n<div class=\"wp-block-column is-layout-flow wp-block-column-is-layout-flow\">\n<p class=\"has-black-color has-text-color has-link-color has-extra-extra-large-font-size wp-elements-ea380011a2f9797ce7171acb9c6e3fd3\" data-aos=\"fade-left\" data-aos-delay=\"50\" data-aos-duration=\"1000\" data-aos-once=\"true\">Become a member now<\/p>\n\n\n\n<p class=\"has-black-color has-text-color has-link-color wp-elements-039e2f610660b3e88da17773c6bc65a3\">Join the world&#8217;s largest network of technology and engineering professionals! With IEEE Membership, you gain access to exclusive resources, educational opportunities and unique networking events to advance your career and drive innovation. <\/p>\n\n\n\n<div class=\"wp-block-buttons is-layout-flex wp-block-buttons-is-layout-flex\" data-aos=\"flip-up\" data-aos-delay=\"250\" data-aos-duration=\"1000\" data-aos-once=\"true\">\n<div class=\"wp-block-button\"><a class=\"wp-block-button__link has-blue-color has-yellow-background-color has-text-color has-background has-link-color wp-element-button\" href=\"https:\/\/www.standardsandmore.com\/kontakt\/\">Test now<\/a><\/div>\n<\/div>\n<\/div>\n<\/div>\n<\/div>\n\n<h2 class=\"wp-block-heading\">FAQs<\/h2>\n\n<h3 class=\"wp-block-heading\">How do I get an IEEE membership?<\/h3>\n\n<p>You have the option of obtaining IEEE membership as a professional or as a student.<\/p>\n\n<p>Professional membership requires competencies in a field designated by the IEEE: Engineering, Computer Science and Information Technology, Physical Sciences, Biological and Medical Sciences, Mathematics, Technical Communication, Education, Management, and Law and Policy.<\/p>\n\n<p>As a student, you must complete at least 50% of the normal full-time academic program as a registered undergraduate or graduate student in a regular degree program. To be eligible for student membership in the IEEE, your degree program must be in an IEEE-defined field. Many universities offer so-called student branches for students. This gives students more favorable conditions.   <\/p>\n\n<h3 class=\"wp-block-heading\">What are the advantages of IEEE Membership?<\/h3>\n\n<p>The biggest advantage of IEEE membership is the opportunity for professional networking. You receive contacts from experts and specialists who work in the same research environment. There are also opportunities for continuing education, conference attendance, discounts on products and services, and free access to occasional journals and publications. You can meet new colleagues and find resources to help you advance your career.   <\/p>\n\n<h3 class=\"wp-block-heading\">Is IEEE membership worthwhile?<\/h3>\n\n<p>IEEE has an unrivaled network of experts, professionals and consultants. IEEE membership gives you the opportunity to network with members who specialize in your technical interests. IEEE membership opens doors to your professional development and provides the resources you need to acquire new skills in designated areas: Engineering, Computer Science and Information Technology, Physical Sciences, Biological and Medical Sciences, Mathematics, Technical Communication, Education, Management, and Law and Policy.  <\/p>\n\n<script type=\"application\/ld+json\">\n{\n  \"@context\": \"https:\/\/schema.org\",\n  \"@type\": \"FAQPage\",\n  \"mainEntity\": [{\n    \"@type\": \"Question\",\n    \"name\": \"Wie bekomme ich eine IEEE membership\/Mitgliedschaft?\",\n    \"acceptedAnswer\": {\n      \"@type\": \"Answer\",\n      \"text\": \"Sie haben die M\u00f6glichkeit eine IEEE Mitgliedschaft als Profi oder als Student zu erhalten.\n<p>Die berufliche Mitgliedschaft setzt Kompetenzen in einem von der IEEE ausgewiesenen Bereich voraus: Ingenieurwesen, Informatik und Informationstechnologie, Physikalische Wissenschaften, Biologische und Medizinische Wissenschaften, Mathematik, Technische Kommunikation, Bildung, Management sowie Recht und Politik.\n<p>Als Student m\u00fcssen Sie mindestens 50% des normalen akademischen Vollzeitprogramms als registrierter Student oder Doktorand in einem regul\u00e4ren Studiengang absolvieren. Um eine studentische Mitgliedschaft beim IEEE zu erhalten, muss Ihr Studiengang in einem IEEE-definierten Bereich absolviert werden. F\u00fcr Studenten bieten viele Universit\u00e4ten sogenannte Student Branches an. Dadurch erhalten Studenten g\u00fcnstigere Konditionen.\"\n    }\n  },{\n    \"@type\": \"Question\",\n    \"name\": \"Was sind die Vorteile einer IEEE Membership?\",\n    \"acceptedAnswer\": {\n      \"@type\": \"Answer\",\n      \"text\": \"Der gr\u00f6\u00dfte Vorteil einer IEEE Membership ist die M\u00f6glichkeit des Professional Networkings. Sie erhalten Kontakte von Experten und Fachleuten, die im gleichen Forschungsumfeld t\u00e4tig sind. Au\u00dferdem besteht die M\u00f6glichkeit der Weiterbildung, die Teilnahme an Konferenzen, Rabatte auf Produkte und Dienstleistungen sowie kostenlosen Zugang zu vereinzelten Fachzeitschriften und Publikationen. Sie k\u00f6nnen neue Kollegen kennenlernen und Ressourcen finden, die Ihnen helfen, Ihre Karriere voranzutreiben.\"\n    }\n  },{\n    \"@type\": \"Question\",\n    \"name\": \"Lohnt sich die IEEE Mitgliedschaft?\",\n    \"acceptedAnswer\": {\n      \"@type\": \"Answer\",\n      \"text\": \"IEEE verf\u00fcgt \u00fcber ein konkurrenzloses Netzwerk von Experten, Fachleuten und Beratern. Sie erhalten durch eine IEEE Mitgliedschaft die M\u00f6glichkeit sich mit den Mitgliedern zu vernetzten, die sich auf Ihre technischen Interessen spezialisiert haben. Eine IEEE Mitgliedschaft \u00f6ffnet T\u00fcren in Bezug auf Ihre berufliche Entwicklung und bietet die n\u00f6tigen Ressourcen zum Erwerb neuer Kompetenzen in den ausgewiesenen Bereichen: Ingenieurwesen, Informatik und Informationstechnologie, Physikalische Wissenschaften, Biologische und Medizinische Wissenschaften, Mathematik, Technische Kommunikation, Bildung, Management sowie Recht und Politik.\"\n    }\n  }]\n}\n<!-- wpml:html_fragment <\/script>  -->\n\n<div class=\"wp-block-group alignfull has-white-color has-blue-background-color has-text-color has-background has-link-color wp-elements-47f289335ea9fc35bc6a422f543ae7a3 has-global-padding is-layout-constrained wp-block-group-is-layout-constrained\" style=\"margin-top:var(--wp--preset--spacing--60);margin-bottom:0\">\n<div class=\"wp-block-columns are-vertically-aligned-center is-layout-flex wp-container-core-columns-is-layout-28f84493 wp-block-columns-is-layout-flex\">\n<div class=\"wp-block-column is-vertically-aligned-center is-layout-flow wp-block-column-is-layout-flow\" style=\"flex-basis:66.66%\">\n<p class=\"has-extra-large-font-size\" style=\"text-transform:uppercase\" data-aos=\"fade-right\" data-aos-delay=\"50\" data-aos-duration=\"1000\" data-aos-once=\"true\"><em>Become a member today!<\/em><\/p>\n<\/div>\n\n\n\n<div class=\"wp-block-column is-vertically-aligned-center is-layout-flow wp-block-column-is-layout-flow\" style=\"flex-basis:33.33%\">\n<div class=\"wp-block-buttons is-layout-flex wp-block-buttons-is-layout-flex\" data-aos=\"flip-up\" data-aos-delay=\"250\" data-aos-duration=\"1000\" data-aos-once=\"true\">\n<div class=\"wp-block-button\"><a class=\"wp-block-button__link has-blue-color has-yellow-background-color has-text-color has-background has-link-color wp-element-button\" href=\"https:\/\/www.standardsandmore.com\/kontakt\/\">Contact us now<\/a><\/div>\n<\/div>\n<\/div>\n<\/div>\n<\/div>\n\n<div class=\"wp-block-group alignfull has-lightgrey-background-color has-background has-global-padding is-layout-constrained wp-block-group-is-layout-constrained\" style=\"padding-top:var(--wp--preset--spacing--60);padding-bottom:var(--wp--preset--spacing--60)\">\n<h2 class=\"wp-block-heading\" data-aos=\"flip-up\" data-aos-delay=\"50\" data-aos-duration=\"1000\" data-aos-once=\"true\">Articles regarding IEEE<\/h2>\n\n\n\n<ul class=\"wp-block-list\">\n<li><a href=\"https:\/\/www.standardsandmore.com\/open-access-symposium-fuer-ieee-autoren-tipps-und-best-practices-fuer-ieee-veroeffentlichungen\/\">Open Access Symposium for IEEE Authors: Tips and Best Practices for IEEE Publications<\/a><\/li>\n\n\n\n<li><a href=\"https:\/\/www.standardsandmore.com\/ieee-xplore-webinar-strategien-zur-personalisierung-ihrer-forschungserfahrung\/\">IEEE Xplore webinar: Strategies for personalizing your research experience<\/a><\/li>\n\n\n\n<li><a href=\"https:\/\/www.standardsandmore.com\/treffen-sie-uns-beim-vdi-kongress-fuer-elektronikexperten\/\">Meet us at the VDI Congress for Electronics Experts<\/a><\/li>\n\n\n\n<li><a href=\"https:\/\/www.standardsandmore.com\/best-practices-to-get-published-with-ieee\/\">Best Practices to Get Published with IEEE<\/a><\/li>\n\n\n\n<li><a href=\"https:\/\/www.standardsandmore.com\/princeton-university-press-auf-ieee-xplore\/\">Princeton University Press on IEEE Xplore<\/a><\/li>\n<\/ul>\n<\/div>\n","protected":false},"excerpt":{"rendered":"<p>IEEE Community The IEEE is recognized as the world&#8217;s largest technical society, represented in more than 160 countries. IEEE membership provides you with the resources and opportunities you need to continuously learn, innovate and stay abreast of technical changes. Network with technology and engineering professionals who specialize in your technical interests and participate in the [&hellip;]<\/p>\n","protected":false},"author":1,"featured_media":1704,"parent":4615,"menu_order":20,"comment_status":"closed","ping_status":"closed","template":"","meta":{"_acf_changed":false,"footnotes":""},"class_list":["post-4650","page","type-page","status-publish","hentry"],"acf":[],"_links":{"self":[{"href":"https:\/\/www.standardsandmore.com\/en\/wp-json\/wp\/v2\/pages\/4650","targetHints":{"allow":["GET"]}}],"collection":[{"href":"https:\/\/www.standardsandmore.com\/en\/wp-json\/wp\/v2\/pages"}],"about":[{"href":"https:\/\/www.standardsandmore.com\/en\/wp-json\/wp\/v2\/types\/page"}],"author":[{"embeddable":true,"href":"https:\/\/www.standardsandmore.com\/en\/wp-json\/wp\/v2\/users\/1"}],"replies":[{"embeddable":true,"href":"https:\/\/www.standardsandmore.com\/en\/wp-json\/wp\/v2\/comments?post=4650"}],"version-history":[{"count":1,"href":"https:\/\/www.standardsandmore.com\/en\/wp-json\/wp\/v2\/pages\/4650\/revisions"}],"predecessor-version":[{"id":4651,"href":"https:\/\/www.standardsandmore.com\/en\/wp-json\/wp\/v2\/pages\/4650\/revisions\/4651"}],"up":[{"embeddable":true,"href":"https:\/\/www.standardsandmore.com\/en\/wp-json\/wp\/v2\/pages\/4615"}],"wp:featuredmedia":[{"embeddable":true,"href":"https:\/\/www.standardsandmore.com\/en\/wp-json\/wp\/v2\/media\/1704"}],"wp:attachment":[{"href":"https:\/\/www.standardsandmore.com\/en\/wp-json\/wp\/v2\/media?parent=4650"}],"curies":[{"name":"wp","href":"https:\/\/api.w.org\/{rel}","templated":true}]}}