{"id":2652,"date":"2021-05-21T10:08:43","date_gmt":"2021-05-21T08:08:43","guid":{"rendered":"https:\/\/www.standardsandmore.com\/ieee-xplore\/"},"modified":"2026-04-20T23:15:58","modified_gmt":"2026-04-20T21:15:58","slug":"ieee-xplore","status":"publish","type":"page","link":"https:\/\/www.standardsandmore.com\/en\/digital-library-collections\/ieee\/ieee-xplore\/","title":{"rendered":"IEEE Xplore"},"content":{"rendered":"\n<div class=\"wp-block-cover alignfull is-light\" style=\"padding-top:var(--wp--preset--spacing--60);padding-bottom:var(--wp--preset--spacing--60);min-height:50vh;aspect-ratio:unset;\"><img loading=\"lazy\" decoding=\"async\" width=\"1200\" height=\"375\" class=\"wp-block-cover__image-background wp-image-4253 size-large\" alt=\"\" src=\"https:\/\/www.standardsandmore.com\/wp-content\/uploads\/IEEEIndesign-1200x375.jpg\" data-object-fit=\"cover\" srcset=\"https:\/\/www.standardsandmore.com\/wp-content\/uploads\/IEEEIndesign-1200x375.jpg 1200w, https:\/\/www.standardsandmore.com\/wp-content\/uploads\/IEEEIndesign-600x188.jpg 600w, https:\/\/www.standardsandmore.com\/wp-content\/uploads\/IEEEIndesign-300x94.jpg 300w, https:\/\/www.standardsandmore.com\/wp-content\/uploads\/IEEEIndesign-768x240.jpg 768w, https:\/\/www.standardsandmore.com\/wp-content\/uploads\/IEEEIndesign-1536x480.jpg 1536w, https:\/\/www.standardsandmore.com\/wp-content\/uploads\/IEEEIndesign.jpg 1920w\" sizes=\"auto, (max-width: 1200px) 100vw, 1200px\" \/><span aria-hidden=\"true\" class=\"wp-block-cover__background has-background-dim-20 has-background-dim\" style=\"background-color:#f1f3f4\"><\/span><div class=\"wp-block-cover__inner-container has-global-padding is-layout-constrained wp-block-cover-is-layout-constrained\">\n<div class=\"wp-block-columns is-layout-flex wp-container-core-columns-is-layout-28f84493 wp-block-columns-is-layout-flex\">\n<div class=\"wp-block-column has-black-color has-white-background-color has-text-color has-background has-link-color wp-elements-658d921b3c86447c65cde20428fca81f is-layout-flow wp-block-column-is-layout-flow\" style=\"padding-top:var(--wp--preset--spacing--20);padding-right:var(--wp--preset--spacing--40);padding-bottom:var(--wp--preset--spacing--20);padding-left:var(--wp--preset--spacing--40);flex-basis:66.66%\" data-aos=\"fade-left\" data-aos-delay=\"50\" data-aos-duration=\"1000\" data-aos-once=\"true\">\n<h1 class=\"wp-block-heading has-blue-color has-text-color has-link-color wp-elements-35880b549eaa16e53cad9457f6837438\">IEEE Xplore<\/h1>\n\n\n\n<p>IEEE offers with IEEE Xplore a comprehensive digital research database with scientific and technical content. The content covers primarily the core disciplines of Computer Science, Electrical Engineering and Electronics, as well as related areas.<\/p>\n\n\n\n<div class=\"wp-block-buttons is-layout-flex wp-block-buttons-is-layout-flex\">\n<div class=\"wp-block-button\"><a class=\"wp-block-button__link has-white-color has-blue-background-color has-text-color has-background has-link-color wp-element-button\" href=\"https:\/\/www.standardsandmore.com\/kontakt\/\">Contact us<\/a><\/div>\n<\/div>\n<\/div>\n\n\n\n<div class=\"wp-block-column is-layout-flow wp-block-column-is-layout-flow\" style=\"flex-basis:33.33%\"><\/div>\n<\/div>\n<\/div><\/div>\n\n<div class=\"wp-block-columns is-layout-flex wp-container-core-columns-is-layout-bcb58c4c wp-block-columns-is-layout-flex\" style=\"margin-top:var(--wp--preset--spacing--80);margin-bottom:var(--wp--preset--spacing--80)\">\n<div class=\"wp-block-column teaserbox has-white-background-color has-background is-layout-flow wp-block-column-is-layout-flow\" style=\"padding-top:var(--wp--preset--spacing--40);padding-right:var(--wp--preset--spacing--20);padding-bottom:var(--wp--preset--spacing--20);padding-left:var(--wp--preset--spacing--20)\" data-aos=\"fade-up\" data-aos-delay=\"50\" data-aos-duration=\"1000\" data-aos-once=\"true\">\n<p class=\"has-blue-color has-text-color has-link-color has-extra-large-font-size wp-elements-6557c9a9232e77c2dc83a325166125ba\" style=\"line-height:1.2;text-transform:uppercase\"><em>IEEE XPlore Digital Library<\/em><\/p>\n\n\n\n<p><strong>Sie ist die Suchplattform f\u00fcr alle IEEE Ver\u00f6ffentlichungen und Partnerinhalte.<\/strong> This ranges from journals, conference proceedings and standards, to e-learning courses and ebooks. Various licence options are available according to your needs &#8211; from download-based packages to unlimited access.<\/p>\n\n\n\n<hr class=\"wp-block-separator has-text-color has-blue-color has-alpha-channel-opacity has-blue-background-color has-background\"\/>\n\n\n\n<div class=\"wp-block-buttons is-content-justification-right is-layout-flex wp-container-core-buttons-is-layout-d445cf74 wp-block-buttons-is-layout-flex\">\n<div class=\"wp-block-button\"><a class=\"wp-block-button__link has-blue-color has-yellow-background-color has-text-color has-background has-link-color wp-element-button\" href=\"https:\/\/www.standardsandmore.com\/kontakt\/\">Test now<\/a><\/div>\n<\/div>\n<\/div>\n<\/div>\n\n<div class=\"wp-block-group alignfull has-global-padding is-layout-constrained wp-block-group-is-layout-constrained\">\n<h2 class=\"wp-block-heading\" data-aos=\"flip-up\" data-aos-delay=\"50\" data-aos-duration=\"1000\" data-aos-once=\"true\">IEEE Xplore offers comprehensive and reviewed content.<\/h2>\n\n\n\n<p><a href=\"https:\/\/www.standardsandmore.com\/ieee-xplore-webinar-strategien-zur-personalisierung-ihrer-forschungserfahrung\/\">IEEE Xplore<\/a> enables the online searching and access to journal articles, conference proceedings, technical Standards or similar material. Users can take advantage of over five million full-text documents from the most cited publications in the world in the fields of Electrical Engineering, Computer Science and Electronics.<\/p>\n\n\n\n<p>The research database <a href=\"https:\/\/www.standardsandmore.com\/ieee-xplore-webinar-strategien-zur-personalisierung-ihrer-forschungserfahrung\/\">IEEE Xplore<\/a> is constantly updated, as nearly 20,000 new documents are added per month. On the database, there are already over 300 peer-reviewed journals, material from over 1,900 conferences, more than 11,000 technical standards, nearly 5,000 ebooks and over 500 online courses.<\/p>\n\n\n\n<div class=\"wp-block-media-text is-stacked-on-mobile is-image-fill-element\" style=\"margin-top:var(--wp--preset--spacing--60);margin-bottom:var(--wp--preset--spacing--60)\" data-aos=\"fade-left\" data-aos-delay=\"50\" data-aos-duration=\"1000\" data-aos-once=\"true\"><figure class=\"wp-block-media-text__media\"><img loading=\"lazy\" decoding=\"async\" width=\"1200\" height=\"219\" src=\"https:\/\/www.standardsandmore.com\/wp-content\/uploads\/startslider03-komp-1200x219.jpg\" alt=\"\" class=\"wp-image-1437 size-full\" style=\"object-position:50% 50%\" srcset=\"https:\/\/www.standardsandmore.com\/wp-content\/uploads\/startslider03-komp-1200x219.jpg 1200w, https:\/\/www.standardsandmore.com\/wp-content\/uploads\/startslider03-komp-600x109.jpg 600w, https:\/\/www.standardsandmore.com\/wp-content\/uploads\/startslider03-komp-300x55.jpg 300w, https:\/\/www.standardsandmore.com\/wp-content\/uploads\/startslider03-komp-768x140.jpg 768w, https:\/\/www.standardsandmore.com\/wp-content\/uploads\/startslider03-komp-1536x280.jpg 1536w, https:\/\/www.standardsandmore.com\/wp-content\/uploads\/startslider03-komp.jpg 1920w\" sizes=\"auto, (max-width: 1200px) 100vw, 1200px\" \/><\/figure><div class=\"wp-block-media-text__content\">\n<h2 class=\"wp-block-heading\" data-aos=\"flip-up\" data-aos-delay=\"50\" data-aos-duration=\"1000\" data-aos-once=\"true\">Access to IEEE Xplore<\/h2>\n\n\n\n<p>In principle <a href=\"https:\/\/www.standardsandmore.com\/ieee-xplore-webinar-strategien-zur-personalisierung-ihrer-forschungserfahrung\/\">IEEE Xplore<\/a> is open to everyone to search, and to find bibliographic data and abstracts. However to access full-text documents, a subscription is required. Subscriptions are differentiated between a personal and an institutional subscription: on this basis students often have a full access to <a href=\"https:\/\/www.standardsandmore.com\/ieee-xplore-webinar-strategien-zur-personalisierung-ihrer-forschungserfahrung\/\">IEEE Explore<\/a> via their university. On the other hand there are also exclusive subscriptions for IEEE members and IEEE Society members. An online purchase of individual documents is also possible, with discounted prices for IEEE members.<\/p>\n<\/div><\/div>\n\n\n\n<h2 class=\"wp-block-heading\">IEEE Xplore Research<\/h2>\n\n\n\n<p>With so many research and subscription options, it&#8217;s easy to lose track! As the authorised IEEE partner for Germany, we are happy to advise and support you quickly and professionally about databases and research in technical and scientific subjects. At SAM \u2013 Standards and More, we offer training and personalized assistance with content research and procurement, and we guarantee prompt support. Contact us for no-obligation advice!<\/p>\n\n\n\n<div class=\"wp-block-columns alignfull has-white-color has-blue-turquoise-hard-gradient-background has-text-color has-background has-link-color wp-elements-dbdef7455b9071f6eefb4ab994b5e152 is-layout-flex wp-container-core-columns-is-layout-4f15bf30 wp-block-columns-is-layout-flex\" style=\"margin-top:var(--wp--preset--spacing--60);margin-bottom:0;padding-top:var(--wp--preset--spacing--60);padding-bottom:var(--wp--preset--spacing--60)\">\n<div class=\"wp-block-column is-vertically-aligned-bottom is-layout-flow wp-block-column-is-layout-flow\">\n<p class=\"has-text-align-right has-extra-large-font-size\" style=\"text-transform:uppercase\" data-aos=\"fade-right\" data-aos-delay=\"50\" data-aos-duration=\"1000\" data-aos-once=\"true\"><em>Timo Kandler<\/em><\/p>\n\n\n\n<p class=\"has-text-align-right\"><strong><a href=\"tel:+498925544820\">+49 89 2 55 44 82 -0<\/a><br\/><a href=\"mailto:timo.kandler@standardsandmore.com\">E-mail to Timo Kandler<\/a><\/strong><\/p>\n<\/div>\n\n\n\n<div class=\"wp-block-column is-vertically-aligned-center is-layout-flow wp-block-column-is-layout-flow\">\n<figure class=\"wp-block-image aligncenter size-full is-resized has-custom-border is-style-rounded\"><img loading=\"lazy\" decoding=\"async\" width=\"310\" height=\"400\" src=\"https:\/\/www.standardsandmore.com\/wp-content\/uploads\/SAM_TimoKandler.jpg\" alt=\"Timo Kandler, Managing Director\" class=\"wp-image-1144\" style=\"border-radius:100%;aspect-ratio:1;object-fit:cover;width:250px\" srcset=\"https:\/\/www.standardsandmore.com\/wp-content\/uploads\/SAM_TimoKandler.jpg 310w, https:\/\/www.standardsandmore.com\/wp-content\/uploads\/SAM_TimoKandler-233x300.jpg 233w\" sizes=\"auto, (max-width: 310px) 100vw, 310px\" \/><\/figure>\n<\/div>\n\n\n\n<div class=\"wp-block-column is-layout-flow wp-block-column-is-layout-flow\">\n<p class=\"has-black-color has-text-color has-link-color has-extra-extra-large-font-size wp-elements-9a0a136cd872edf5aaad5e02570fe75b\" data-aos=\"fade-left\" data-aos-delay=\"50\" data-aos-duration=\"1000\" data-aos-once=\"true\">Find out more now and get your free trial!<\/p>\n\n\n\n<p class=\"has-black-color has-text-color has-link-color wp-elements-8895649a5ed73f897d09bdaa255ceb87\">Erhalten Sie Zugang zu einer der umfassendsten digitalen Forschungsdatenbanken der Welt mit IEEE Xplore. Entdecken Sie Millionen von Volltextdokumenten und bleiben Sie an der Spitze Ihres Fachgebiets. Nutzen Sie unsere Schulungen und Beratung, um das Beste aus Ihrer IEEE Xplore-Recherche herauszuholen.  <\/p>\n\n\n\n<div class=\"wp-block-buttons is-layout-flex wp-block-buttons-is-layout-flex\" data-aos=\"flip-up\" data-aos-delay=\"250\" data-aos-duration=\"1000\" data-aos-once=\"true\">\n<div class=\"wp-block-button\"><a class=\"wp-block-button__link has-blue-color has-yellow-background-color has-text-color has-background has-link-color wp-element-button\" href=\"https:\/\/www.standardsandmore.com\/kontakt\/\">Test now<\/a><\/div>\n<\/div>\n<\/div>\n<\/div>\n\n\n\n<div class=\"wp-block-group alignfull has-lightgrey-background-color has-background has-global-padding is-layout-constrained wp-block-group-is-layout-constrained\" style=\"padding-top:var(--wp--preset--spacing--60);padding-bottom:var(--wp--preset--spacing--60)\">\n<h2 class=\"wp-block-heading\" data-aos=\"flip-up\" data-aos-delay=\"50\" data-aos-duration=\"1000\" data-aos-once=\"true\">Further topics on the IEEE:<\/h2>\n\n\n\n<div class=\"wp-block-columns is-layout-flex wp-container-core-columns-is-layout-7255d826 wp-block-columns-is-layout-flex\" style=\"margin-top:var(--wp--preset--spacing--40);margin-bottom:var(--wp--preset--spacing--40)\">\n<div class=\"wp-block-column is-layout-flow wp-block-column-is-layout-flow\" style=\"border-bottom-color:var(--wp--preset--color--blue);border-bottom-width:1px\">\n<p class=\"arr has-large-font-size\"><a href=\"#\"><strong><em>IEEE Papers<\/em><\/strong><\/a><\/p>\n<\/div>\n\n\n\n<div class=\"wp-block-column is-layout-flow wp-block-column-is-layout-flow\" style=\"border-bottom-color:var(--wp--preset--color--blue);border-bottom-width:1px\">\n<p class=\"arr has-large-font-size\"><a href=\"#\"><strong><em>IEEE Membership<\/em><\/strong><\/a><\/p>\n<\/div>\n<\/div>\n\n\n\n<div class=\"wp-block-columns is-layout-flex wp-container-core-columns-is-layout-7255d826 wp-block-columns-is-layout-flex\" style=\"margin-top:var(--wp--preset--spacing--40);margin-bottom:var(--wp--preset--spacing--40)\">\n<div class=\"wp-block-column is-layout-flow wp-block-column-is-layout-flow\" style=\"border-bottom-color:var(--wp--preset--color--blue);border-bottom-width:1px\">\n<p class=\"arr has-large-font-size\"><a href=\"#\"><strong><em>IEEE Xplore<\/em><\/strong><\/a><\/p>\n<\/div>\n\n\n\n<div class=\"wp-block-column is-layout-flow wp-block-column-is-layout-flow\" style=\"border-bottom-color:var(--wp--preset--color--blue);border-bottom-width:1px\">\n<p class=\"arr has-large-font-size\"><a href=\"#\"><strong><em>IEEE Access<\/em><\/strong><\/a><\/p>\n<\/div>\n<\/div>\n<\/div>\n<\/div>\n\n<h2 class=\"wp-block-heading\">FAQs<\/h2>\n\n<h3 class=\"wp-block-heading\">How do I get access to papers on IEEE Xplore?<\/h3>\n\n<p>You&#8217;re interested in research results and scientific literature, but you&#8217;re unsure if IEEE Xplore delivers the right content for you? We are happy to advise you on how to successfully access technical and scientific information, to support you in the purchase of licences and guarantee a prompt support when needed. There is also the possibility to trial access to IEEE Xplore &#8211; please ask us!<\/p>\n\n<h3 class=\"wp-block-heading\">How can I access IEEE Xplore?<\/h3>\n\n<p>In principle IEEE Xplore is open to everyone to search free of charge. However if you want to read the full-text, a licence fee is necessary, which requires a sign-up. After the registration, you can choose between the different research and subscription options such as an individual or institutional subscription, or a subscription for IEEE members. We can gladly advise you on the best option for you.<\/p>\n\n<h3 class=\"wp-block-heading\">How can you use IEEE Xplore optimally for your information acquisition?<\/h3>\n\n<p>As the authorised partner for IEEE in the German-speaking countries, we offer trainings and instruction on how to use databases like IEEE Xplore. We can train you locally or via a webinar on how you can use databases optimally and efficiently to find technical and scientific information. Standards and More is by your side to advise you and support you, and guarantees prompt support when needed.<\/p>\n\n<h3 class=\"wp-block-heading\">How do I publish on IEEE Xplore?<\/h3>\n\n<p>Would you like to publish as an author on IEEE Xplore? You can complete the publishing process very easily online in the IEEE Author Center. There are various video descriptions and authoring tools, to help you publish your research more quickly and effectively. Your manuscript will then undergo peer review, and every article must be reviewed by at least two independent referees. As soon as your article is accepted for publication, it will enter Production. We can gladly advise you in a personal call, whether an author workshop is required.<\/p>\n\n<script type=\"application\/ld+json\">{\n  \"@context\": \"https:\/\/schema.org\",\n  \"@type\": \"FAQPage\",\n  \"mainEntity\": [{\n    \"@type\": \"Question\",\n    \"name\": \"Wie erhalte ich Zugang zu Papieren in IEEE Xplore?\",\n    \"acceptedAnswer\": {\n      \"@type\": \"Answer\",\n      \"text\": \"Sie interessieren sich f\u00fcr Forschungsergebnisse und Fachliteratur und sind sich noch unsicher, ob IEEE Xplore die richtigen Inhalte f\u00fcr Sie liefert? Wir beraten Sie gerne, wie Sie erfolgreich an technisch-wissenschaftliche Fachinformationen gelangen, unterst\u00fctzen Sie beim Kauf von Lizenzen und garantieren schnellen Support im Bedarfsfall. Des Weiteren besteht die M\u00f6glichkeit einen Testzugang f\u00fcr IEEE Xplore zu erhalten \u2013 sprechen Sie uns an!\"\n    }\n  },{\n    \"@type\": \"Question\",\n    \"name\": \"Wie kann ich auf IEEE Xplore zugreifen?\",\n    \"acceptedAnswer\": {\n      \"@type\": \"Answer\",\n      \"text\": \"Grunds\u00e4tzlich kann jeder kostenlos im Verzeichnis der IEEE Xplore Datenbank recherchieren. M\u00f6chte man jedoch den Volltext lesen, wird eine Lizenzgeb\u00fchr f\u00e4llig, die mit einer Anmeldung einhergeht. Nach der Anmeldung haben Sie die Wahl zwischen verschiedenen Recherche- und Abonnementm\u00f6glichkeiten wie einem individuellen und einem institutionellen Abonnement oder einem Abonnement f\u00fcr IEEE Mitlieder. Gerne beraten wir Sie welche Rechercheoption f\u00fcr Sie die optimale L\u00f6sung ist.\"\n    }\n  },{\n    \"@type\": \"Question\",\n    \"name\": \"Wie k\u00f6nnen Sie IEEE Xplore optimal f\u00fcr Ihre Informationsbeschaffung nutzen?\",\n    \"acceptedAnswer\": {\n      \"@type\": \"Answer\",\n      \"text\": \"Als autorisierter Partner von IEEE im deutschsprachigen Raum, bieten wir Trainings und Schulungen im Umgang mit Datenbanken wie IEEE Xplore. Wir schulen Sie bei Ihnen vor Ort oder in Webinaren, wie Sie Datenbanken optimal und wirtschaftlich f\u00fcr die Informationsbeschaffung von technisch-wissenschaftlichen Fachinformationen nuten k\u00f6nnen. Standards And More steht Ihnen beratend und unterst\u00fctzend zur Seite und garantiert einen prompten Support im Bedarfsfall.\"\n    }\n  },{\n    \"@type\": \"Question\",\n    \"name\": \"Wie publiziere ich bei IEEE Xplore?\",\n    \"acceptedAnswer\": {\n      \"@type\": \"Answer\",\n      \"text\": \"M\u00f6chten Sie als Autor bei IEEE Xplore ver\u00f6ffentlichen? Sie k\u00f6nnen den Ver\u00f6ffentlichungsprozess ganz einfach online im IEEE Author Center abschlie\u00dfen. Es gibt verschiedene Videobeschreibungen und Authoring-Tools, mit denen Sie Forschungsergebnisse schneller und effektiver ver\u00f6ffentlichen k\u00f6nnen. Ihr Manuskript wird dann einer Peer-Review unterzogen, und jeder Artikel muss von mindestens zwei unabh\u00e4ngigen Gutachtern bewertet werden. Sobald Ihr Artikel zur Ver\u00f6ffentlichung angenommen wurde, wird er in Produktion gehen. Gerne beraten wir Sie in einem pers\u00f6nlichen Gespr\u00e4ch, ob ein Autorenworkshop n\u00f6tig ist.\"\n    }\n  }]\n}\n<\/script>\n\n<div class=\"wp-block-group alignfull has-white-color has-blue-background-color has-text-color has-background has-link-color wp-elements-198978e7eddef33b9c1bb75a388e4b2d has-global-padding is-layout-constrained wp-block-group-is-layout-constrained\" style=\"margin-top:var(--wp--preset--spacing--60);margin-bottom:0\">\n<div class=\"wp-block-columns are-vertically-aligned-center is-layout-flex wp-container-core-columns-is-layout-28f84493 wp-block-columns-is-layout-flex\">\n<div class=\"wp-block-column is-vertically-aligned-center is-layout-flow wp-block-column-is-layout-flow\" style=\"flex-basis:66.66%\">\n<p class=\"has-extra-large-font-size\" style=\"text-transform:uppercase\" data-aos=\"fade-right\" data-aos-delay=\"50\" data-aos-duration=\"1000\" data-aos-once=\"true\"><em>Jetzt informieren und Testzugang sichern!<\/em><\/p>\n<\/div>\n\n\n\n<div class=\"wp-block-column is-vertically-aligned-center is-layout-flow wp-block-column-is-layout-flow\" style=\"flex-basis:33.33%\">\n<div class=\"wp-block-buttons is-layout-flex wp-block-buttons-is-layout-flex\" data-aos=\"flip-up\" data-aos-delay=\"250\" data-aos-duration=\"1000\" data-aos-once=\"true\">\n<div class=\"wp-block-button\"><a class=\"wp-block-button__link has-blue-color has-yellow-background-color has-text-color has-background has-link-color wp-element-button\" href=\"https:\/\/www.standardsandmore.com\/kontakt\/\">Simply test now<\/a><\/div>\n<\/div>\n<\/div>\n<\/div>\n<\/div>\n\n<div class=\"wp-block-group alignfull has-lightgrey-background-color has-background has-global-padding is-layout-constrained wp-block-group-is-layout-constrained\" style=\"padding-top:var(--wp--preset--spacing--60);padding-bottom:var(--wp--preset--spacing--60)\">\n<h2 class=\"wp-block-heading\" data-aos=\"flip-up\" data-aos-delay=\"50\" data-aos-duration=\"1000\" data-aos-once=\"true\">Articles regarding IEEE<\/h2>\n\n\n\n<ul class=\"wp-block-list\">\n<li><a href=\"https:\/\/www.standardsandmore.com\/open-access-symposium-fuer-ieee-autoren-tipps-und-best-practices-fuer-ieee-veroeffentlichungen\/\">Open Access Symposium for IEEE Authors: Tips and Best Practices for IEEE Publications<\/a><\/li>\n\n\n\n<li><a href=\"https:\/\/www.standardsandmore.com\/ieee-xplore-webinar-strategien-zur-personalisierung-ihrer-forschungserfahrung\/\">IEEE Xplore webinar: Strategies for personalizing your research experience<\/a><\/li>\n\n\n\n<li><a href=\"https:\/\/www.standardsandmore.com\/treffen-sie-uns-beim-vdi-kongress-fuer-elektronikexperten\/\">Meet us at the VDI Congress for Electronics Experts<\/a><\/li>\n\n\n\n<li><a href=\"https:\/\/www.standardsandmore.com\/best-practices-to-get-published-with-ieee\/\">Best Practices to Get Published with IEEE<\/a><\/li>\n\n\n\n<li><a href=\"https:\/\/www.standardsandmore.com\/princeton-university-press-auf-ieee-xplore\/\">Princeton University Press on IEEE Xplore<\/a><\/li>\n<\/ul>\n<\/div>\n","protected":false},"excerpt":{"rendered":"<p>IEEE XPlore Digital Library Sie ist die Suchplattform f\u00fcr alle IEEE Ver\u00f6ffentlichungen und Partnerinhalte. This ranges from journals, conference proceedings and standards, to e-learning courses and ebooks. Various licence options are available according to your needs &#8211; from download-based packages to unlimited access. IEEE Xplore offers comprehensive and reviewed content. IEEE Xplore enables the online [&hellip;]<\/p>\n","protected":false},"author":1,"featured_media":1704,"parent":4615,"menu_order":30,"comment_status":"closed","ping_status":"closed","template":"","meta":{"_acf_changed":false,"footnotes":""},"class_list":["post-2652","page","type-page","status-publish","hentry"],"acf":[],"_links":{"self":[{"href":"https:\/\/www.standardsandmore.com\/en\/wp-json\/wp\/v2\/pages\/2652","targetHints":{"allow":["GET"]}}],"collection":[{"href":"https:\/\/www.standardsandmore.com\/en\/wp-json\/wp\/v2\/pages"}],"about":[{"href":"https:\/\/www.standardsandmore.com\/en\/wp-json\/wp\/v2\/types\/page"}],"author":[{"embeddable":true,"href":"https:\/\/www.standardsandmore.com\/en\/wp-json\/wp\/v2\/users\/1"}],"replies":[{"embeddable":true,"href":"https:\/\/www.standardsandmore.com\/en\/wp-json\/wp\/v2\/comments?post=2652"}],"version-history":[{"count":2,"href":"https:\/\/www.standardsandmore.com\/en\/wp-json\/wp\/v2\/pages\/2652\/revisions"}],"predecessor-version":[{"id":4652,"href":"https:\/\/www.standardsandmore.com\/en\/wp-json\/wp\/v2\/pages\/2652\/revisions\/4652"}],"up":[{"embeddable":true,"href":"https:\/\/www.standardsandmore.com\/en\/wp-json\/wp\/v2\/pages\/4615"}],"wp:featuredmedia":[{"embeddable":true,"href":"https:\/\/www.standardsandmore.com\/en\/wp-json\/wp\/v2\/media\/1704"}],"wp:attachment":[{"href":"https:\/\/www.standardsandmore.com\/en\/wp-json\/wp\/v2\/media?parent=2652"}],"curies":[{"name":"wp","href":"https:\/\/api.w.org\/{rel}","templated":true}]}}