{"id":2331,"date":"2018-01-24T08:24:22","date_gmt":"2018-01-24T07:24:22","guid":{"rendered":"https:\/\/www.standardsandmore.com\/vitejte-v-sam-normy-a-vice\/"},"modified":"2023-01-27T13:55:24","modified_gmt":"2023-01-27T12:55:24","slug":"vitejte-v-sam-normy-a-vice","status":"publish","type":"page","link":"https:\/\/www.standardsandmore.com\/cs\/","title":{"rendered":"V\u00edtejte v SAM &#8211;<br>Standards and More&#8230;"},"content":{"rendered":"<p><strong>V\u00e1\u0161 partner pro technick\u00e9 a v\u011bdeck\u00e9 informace.<\/strong><\/p>\n<p>Poskytujeme poradenstv\u00ed univerzit\u00e1m a vysok\u00fdm \u0161kol\u00e1m, v\u00fdzkumn\u00fdm \u00fastav\u016fm a spole\u010dnostem v oblasti po\u0159izov\u00e1n\u00ed a poskytov\u00e1n\u00ed informac\u00ed o technick\u00fdch publikac\u00edch a norm\u00e1ch. Podporujeme v\u00e1s p\u0159i spr\u00e1v\u011b norem a patentov\u00fdch re\u0161er\u0161\u00edch a v na\u0161em digit\u00e1ln\u00edm portfoliu najdete v\u011bdeck\u00e9 \u010dasopisy a konferen\u010dn\u00ed dokumentaci, elektronick\u00e9 knihy a e-learningov\u00e9 kurzy. Na\u0161imi partnery jsou p\u0159edn\u00ed technick\u00e9 asociace a vydavatel\u00e9.<\/p>\n<p>V neposledn\u00ed \u0159ad\u011b: SAM je odhodlan\u00fd. Podporujeme humanit\u00e1rn\u00ed organizace a soci\u00e1ln\u00ed projekty.<br \/>\nM\u00edstn\u011b i celosv\u011btov\u011b.  Pravideln\u011b podporujeme organizaci \u00c4rzte ohne Grenzen e.V. (L\u00e9ka\u0159i bez hranic). Mezi dal\u0161\u00ed projekty, kter\u00e9 jsme podpo\u0159ili, pat\u0159\u00ed kick it international e.V., d\u011btsk\u00fd ambulantn\u00ed hospic v Mnichov\u011b, dobrovolnick\u00e1 agentura Tatendrang a mnoho dal\u0161\u00edch.<\/p>\n","protected":false},"excerpt":{"rendered":"<p>V\u00e1\u0161 partner pro technick\u00e9 a v\u011bdeck\u00e9 informace. Poskytujeme poradenstv\u00ed univerzit\u00e1m a vysok\u00fdm \u0161kol\u00e1m, v\u00fdzkumn\u00fdm \u00fastav\u016fm a spole\u010dnostem v oblasti po\u0159izov\u00e1n\u00ed a poskytov\u00e1n\u00ed informac\u00ed o technick\u00fdch publikac\u00edch a norm\u00e1ch. Podporujeme v\u00e1s p\u0159i spr\u00e1v\u011b norem a patentov\u00fdch re\u0161er\u0161\u00edch a v na\u0161em digit\u00e1ln\u00edm portfoliu najdete v\u011bdeck\u00e9 \u010dasopisy a konferen\u010dn\u00ed dokumentaci, elektronick\u00e9 knihy a e-learningov\u00e9 kurzy. Na\u0161imi partnery jsou [&hellip;]<\/p>\n","protected":false},"author":1,"featured_media":0,"parent":0,"menu_order":0,"comment_status":"closed","ping_status":"closed","template":"page-clean.php","meta":{"_acf_changed":false,"footnotes":""},"class_list":["post-2331","page","type-page","status-publish","hentry"],"acf":[],"_links":{"self":[{"href":"https:\/\/www.standardsandmore.com\/cs\/wp-json\/wp\/v2\/pages\/2331","targetHints":{"allow":["GET"]}}],"collection":[{"href":"https:\/\/www.standardsandmore.com\/cs\/wp-json\/wp\/v2\/pages"}],"about":[{"href":"https:\/\/www.standardsandmore.com\/cs\/wp-json\/wp\/v2\/types\/page"}],"author":[{"embeddable":true,"href":"https:\/\/www.standardsandmore.com\/cs\/wp-json\/wp\/v2\/users\/1"}],"replies":[{"embeddable":true,"href":"https:\/\/www.standardsandmore.com\/cs\/wp-json\/wp\/v2\/comments?post=2331"}],"version-history":[{"count":2,"href":"https:\/\/www.standardsandmore.com\/cs\/wp-json\/wp\/v2\/pages\/2331\/revisions"}],"predecessor-version":[{"id":2335,"href":"https:\/\/www.standardsandmore.com\/cs\/wp-json\/wp\/v2\/pages\/2331\/revisions\/2335"}],"wp:attachment":[{"href":"https:\/\/www.standardsandmore.com\/cs\/wp-json\/wp\/v2\/media?parent=2331"}],"curies":[{"name":"wp","href":"https:\/\/api.w.org\/{rel}","templated":true}]}}